{"id":5592,"date":"2022-04-08T17:37:51","date_gmt":"2022-04-08T21:37:51","guid":{"rendered":"https:\/\/groupericci.com\/?page_id=5592"},"modified":"2025-04-23T16:13:36","modified_gmt":"2025-04-23T20:13:36","slug":"dry-ice-cleaning","status":"publish","type":"page","link":"https:\/\/groupericci.com\/fr\/nettoyage-glace-seche\/","title":{"rendered":"Nettoyage Glace S\u00e8che"},"content":{"rendered":"<div data-elementor-type=\"wp-page\" data-elementor-id=\"5592\" class=\"elementor elementor-5592\" data-elementor-post-type=\"page\">\n\t\t\t\t\t\t<section class=\"elementor-section elementor-top-section elementor-element elementor-element-2f0d801 elementor-section-boxed elementor-section-height-default elementor-section-height-default\" data-id=\"2f0d801\" data-element_type=\"section\" data-e-type=\"section\">\n\t\t\t\t\t\t<div class=\"elementor-container elementor-column-gap-default\">\n\t\t\t\t\t<div class=\"elementor-column elementor-col-100 elementor-top-column elementor-element elementor-element-afa798b\" data-id=\"afa798b\" data-element_type=\"column\" data-e-type=\"column\">\n\t\t\t<div class=\"elementor-widget-wrap elementor-element-populated\">\n\t\t\t\t\t\t<div class=\"elementor-element elementor-element-f26556e elementor-widget elementor-widget-heading\" data-id=\"f26556e\" data-element_type=\"widget\" data-e-type=\"widget\" data-widget_type=\"heading.default\">\n\t\t\t\t<div class=\"elementor-widget-container\">\n\t\t\t\t\t<h2 class=\"elementor-heading-title elementor-size-default\">Nettoyage Glace S\u00e8che<\/h2>\t\t\t\t<\/div>\n\t\t\t\t<\/div>\n\t\t\t\t<div class=\"elementor-element elementor-element-fb0a40b elementor-widget elementor-widget-image\" data-id=\"fb0a40b\" data-element_type=\"widget\" data-e-type=\"widget\" data-widget_type=\"image.default\">\n\t\t\t\t<div class=\"elementor-widget-container\">\n\t\t\t\t\t\t\t\t\t\t\t\t\t\t\t<img fetchpriority=\"high\" decoding=\"async\" width=\"900\" height=\"506\" src=\"https:\/\/groupericci.com\/wp-content\/uploads\/2020\/06\/IC2-900x506.jpg\" class=\"attachment-aichtwooh-thumb-l size-aichtwooh-thumb-l wp-image-5298\" alt=\"\" \/>\t\t\t\t\t\t\t\t\t\t\t\t\t\t\t<\/div>\n\t\t\t\t<\/div>\n\t\t\t\t<div class=\"elementor-element elementor-element-8b1f5b6 elementor-widget-divider--view-line elementor-widget elementor-widget-divider\" data-id=\"8b1f5b6\" data-element_type=\"widget\" data-e-type=\"widget\" data-widget_type=\"divider.default\">\n\t\t\t\t<div class=\"elementor-widget-container\">\n\t\t\t\t\t\t\t<div class=\"elementor-divider\">\n\t\t\t<span class=\"elementor-divider-separator\">\n\t\t\t\t\t\t<\/span>\n\t\t<\/div>\n\t\t\t\t\t\t<\/div>\n\t\t\t\t<\/div>\n\t\t\t\t\t<\/div>\n\t\t<\/div>\n\t\t\t\t\t<\/div>\n\t\t<\/section>\n\t\t\t\t<section class=\"elementor-section elementor-top-section elementor-element elementor-element-c92533a elementor-section-boxed elementor-section-height-default elementor-section-height-default\" data-id=\"c92533a\" data-element_type=\"section\" data-e-type=\"section\">\n\t\t\t\t\t\t<div class=\"elementor-container elementor-column-gap-default\">\n\t\t\t\t\t<div class=\"elementor-column elementor-col-100 elementor-top-column elementor-element elementor-element-7851060\" data-id=\"7851060\" data-element_type=\"column\" data-e-type=\"column\">\n\t\t\t<div class=\"elementor-widget-wrap elementor-element-populated\">\n\t\t\t\t\t\t<div class=\"elementor-element elementor-element-5f58e68 elementor-widget elementor-widget-text-editor\" data-id=\"5f58e68\" data-element_type=\"widget\" data-e-type=\"widget\" data-widget_type=\"text-editor.default\">\n\t\t\t\t<div class=\"elementor-widget-container\">\n\t\t\t\t\t\t\t\t\t<p>Le nettoyage cryog\u00e9nique est une m\u00e9thode de nettoyage puissante, \u00e9cologique et s\u00fbre qui gagne rapidement en popularit\u00e9 dans diverses industries. Utilisant du CO2 \u00e0 une temp\u00e9rature de -79 degr\u00e9s Celsius, cette technique de nettoyage inodore et ininflammable est consid\u00e9r\u00e9e comme une innovation verte, offrant une solution avanc\u00e9e pour la restauration et l'entretien des surfaces.<\/p>\n<p><span style=\"letter-spacing: 0px;\">Le nettoyage par glace s\u00e8che est id\u00e9al pour :<\/span><\/p>\n<ul>\n<li><strong>Nettoyage des surfaces fragiles et d\u00e9licates<\/strong>: Doux mais efficace, il permet de ne pas endommager les mat\u00e9riaux sensibles pendant le processus de nettoyage.<\/li>\n<li><strong>Nettoyage \u00e0 sec d'appareils \u00e9lectriques et \u00e9lectroniques<\/strong>: Sans danger pour les \u00e9quipements sensibles, \u00e9vitant les dommages li\u00e9s \u00e0 l'humidit\u00e9.<\/li>\n<li><strong>\u00c9limination des graffitis et des taches de peinture<\/strong>: \u00c9limine efficacement les marques ind\u00e9sirables sans endommager la surface sous-jacente.<\/li>\n<li><strong>D\u00e9graissage et d\u00e9sencrassement des machines<\/strong>: Efficace pour \u00e9liminer les graisses et les salissures importantes et assurer le bon fonctionnement des machines.<\/li>\n<li><strong>D\u00e9capage de la peinture<\/strong>: Enl\u00e8ve avec pr\u00e9cision les couches de peinture sans endommager le support.<\/li>\n<li><strong>Nettoyer les moisissures sur le bois et d'autres surfaces<\/strong>: \u00c9limine en toute s\u00e9curit\u00e9 les moisissures et restaure l'aspect et l'int\u00e9grit\u00e9 de divers mat\u00e9riaux.<\/li>\n<\/ul>\n<p>Cette m\u00e9thode n'est pas abrasive et ne laisse ni r\u00e9sidus ni d\u00e9p\u00f4ts, ce qui en fait une alternative plus propre et plus efficace aux m\u00e9thodes traditionnelles. Elle est non seulement plus rapide, mais aussi plus rentable, car elle r\u00e9duit les temps d'arr\u00eat et minimise la n\u00e9cessit\u00e9 d'un traitement chimique.<\/p>\t\t\t\t\t\t\t\t<\/div>\n\t\t\t\t<\/div>\n\t\t\t\t\t<\/div>\n\t\t<\/div>\n\t\t\t\t\t<\/div>\n\t\t<\/section>\n\t\t\t\t<section class=\"elementor-section elementor-top-section elementor-element elementor-element-73c621b elementor-section-boxed elementor-section-height-default elementor-section-height-default\" data-id=\"73c621b\" data-element_type=\"section\" data-e-type=\"section\">\n\t\t\t\t\t\t<div class=\"elementor-container elementor-column-gap-default\">\n\t\t\t\t\t<div class=\"elementor-column elementor-col-100 elementor-top-column elementor-element elementor-element-f446955\" data-id=\"f446955\" data-element_type=\"column\" data-e-type=\"column\">\n\t\t\t<div class=\"elementor-widget-wrap elementor-element-populated\">\n\t\t\t\t\t\t<div class=\"elementor-element elementor-element-26db734 elementor-widget elementor-widget-heading\" data-id=\"26db734\" data-element_type=\"widget\" data-e-type=\"widget\" data-widget_type=\"heading.default\">\n\t\t\t\t<div class=\"elementor-widget-container\">\n\t\t\t\t\t<h4 class=\"elementor-heading-title elementor-size-default\">Certains de nos projets<\/h4>\t\t\t\t<\/div>\n\t\t\t\t<\/div>\n\t\t\t\t\t<\/div>\n\t\t<\/div>\n\t\t\t\t\t<\/div>\n\t\t<\/section>\n\t\t\t\t<section class=\"elementor-section elementor-top-section elementor-element elementor-element-f12cc8f elementor-section-boxed elementor-section-height-default elementor-section-height-default\" data-id=\"f12cc8f\" data-element_type=\"section\" data-e-type=\"section\">\n\t\t\t\t\t\t<div class=\"elementor-container elementor-column-gap-default\">\n\t\t\t\t\t<div class=\"elementor-column elementor-col-100 elementor-top-column elementor-element elementor-element-73f0a40\" data-id=\"73f0a40\" data-element_type=\"column\" data-e-type=\"column\">\n\t\t\t<div class=\"elementor-widget-wrap elementor-element-populated\">\n\t\t\t\t\t\t<div class=\"elementor-element elementor-element-c0f8f68 elementor-widget elementor-widget-text-editor\" data-id=\"c0f8f68\" data-element_type=\"widget\" data-e-type=\"widget\" data-widget_type=\"text-editor.default\">\n\t\t\t\t<div class=\"elementor-widget-container\">\n\t\t\t\t\t\t\t\t\t<div class=\"n2_ss_slider_publish__option_code\" dir=\"ltr\" data-mode=\"id\"><\/div><p style=\"text-align: center;\"><a href=\"https:\/\/groupericci.com\/fr\/contacts\/\"><strong>Demander une Soumission<\/strong><\/a><\/p>\t\t\t\t\t\t\t\t<\/div>\n\t\t\t\t<\/div>\n\t\t\t\t<div class=\"elementor-element elementor-element-1a36c23 elementor-widget elementor-widget-video\" data-id=\"1a36c23\" data-element_type=\"widget\" data-e-type=\"widget\" data-settings=\"{&quot;video_type&quot;:&quot;hosted&quot;,&quot;controls&quot;:&quot;yes&quot;}\" data-widget_type=\"video.default\">\n\t\t\t\t<div class=\"elementor-widget-container\">\n\t\t\t\t\t\t\t<div class=\"e-hosted-video elementor-wrapper elementor-open-inline\">\n\t\t\t\t\t<video class=\"elementor-video\" src=\"https:\/\/groupericci.com\/wp-content\/uploads\/2025\/04\/NETTOYAGE-A-LA-GLACE-SECHE.mp4\" controls=\"\" preload=\"metadata\" controlslist=\"nodownload\"><\/video>\n\t\t\t\t<\/div>\n\t\t\t\t\t\t<\/div>\n\t\t\t\t<\/div>\n\t\t\t\t\t<\/div>\n\t\t<\/div>\n\t\t\t\t\t<\/div>\n\t\t<\/section>\n\t\t\t\t<\/div>","protected":false},"excerpt":{"rendered":"<p>Dry Ice Cleaning Dry Ice Cleaning is a powerful, eco-friendly, and safe cleaning method that is rapidly gaining popularity in various industries. Utilizing CO2 at a temperature of -79 degrees Celsius, this odorless and non-flammable cleaning technique is considered a green innovation, offering an advanced solution for surface restoration and maintenance. Dry Ice Cleaning is &hellip;<\/p>","protected":false},"author":1,"featured_media":0,"parent":0,"menu_order":0,"comment_status":"closed","ping_status":"closed","template":"","meta":{"footnotes":""},"class_list":["post-5592","page","type-page","status-publish","hentry","no-thumb"],"yoast_head":"<!-- This site is optimized with the Yoast SEO Premium plugin v20.6 (Yoast SEO v27.4) - https:\/\/yoast.com\/product\/yoast-seo-premium-wordpress\/ -->\n<title>Dry Ice Cleaning - Le Groupe Ricci<\/title>\n<meta name=\"description\" content=\"Eco-friendly Dry Ice Cleaning by Ricci Group: Safe, non-abrasive, and efficient for surface restoration, machinery maintenance, and mold removal in Montreal.\" \/>\n<meta name=\"robots\" content=\"index, follow, max-snippet:-1, max-image-preview:large, max-video-preview:-1\" \/>\n<link rel=\"canonical\" href=\"https:\/\/groupericci.com\/fr\/nettoyage-glace-seche\/\" \/>\n<meta property=\"og:locale\" content=\"fr_CA\" \/>\n<meta property=\"og:type\" content=\"article\" \/>\n<meta property=\"og:title\" content=\"Dry Ice Cleaning\" \/>\n<meta property=\"og:description\" content=\"Eco-friendly Dry Ice Cleaning by Ricci Group: Safe, non-abrasive, and efficient for surface restoration, machinery maintenance, and mold removal in Montreal.\" \/>\n<meta property=\"og:url\" content=\"https:\/\/groupericci.com\/fr\/nettoyage-glace-seche\/\" \/>\n<meta property=\"og:site_name\" content=\"Le Groupe Ricci\" \/>\n<meta property=\"article:publisher\" content=\"https:\/\/www.facebook.com\/profile.php?id=100086190623934\" \/>\n<meta property=\"article:modified_time\" content=\"2025-04-23T20:13:36+00:00\" \/>\n<meta property=\"og:image\" content=\"https:\/\/groupericci.com\/wp-content\/uploads\/2020\/06\/IC2.jpg\" \/>\n\t<meta property=\"og:image:width\" content=\"900\" \/>\n\t<meta property=\"og:image:height\" content=\"675\" \/>\n\t<meta property=\"og:image:type\" content=\"image\/jpeg\" \/>\n<meta name=\"twitter:card\" content=\"summary_large_image\" \/>\n<meta name=\"twitter:label1\" content=\"Estimation du temps de lecture\" \/>\n\t<meta name=\"twitter:data1\" content=\"2 minutes\" \/>\n<script type=\"application\/ld+json\" class=\"yoast-schema-graph\">{\"@context\":\"https:\\\/\\\/schema.org\",\"@graph\":[{\"@type\":\"WebPage\",\"@id\":\"https:\\\/\\\/groupericci.com\\\/dry-ice-cleaning\\\/\",\"url\":\"https:\\\/\\\/groupericci.com\\\/dry-ice-cleaning\\\/\",\"name\":\"Dry Ice Cleaning - Le Groupe Ricci\",\"isPartOf\":{\"@id\":\"https:\\\/\\\/groupericci.com\\\/#website\"},\"primaryImageOfPage\":{\"@id\":\"https:\\\/\\\/groupericci.com\\\/dry-ice-cleaning\\\/#primaryimage\"},\"image\":{\"@id\":\"https:\\\/\\\/groupericci.com\\\/dry-ice-cleaning\\\/#primaryimage\"},\"thumbnailUrl\":\"https:\\\/\\\/groupericci.com\\\/wp-content\\\/uploads\\\/2020\\\/06\\\/IC2-900x506.jpg\",\"datePublished\":\"2022-04-08T21:37:51+00:00\",\"dateModified\":\"2025-04-23T20:13:36+00:00\",\"description\":\"Eco-friendly Dry Ice Cleaning by Ricci Group: Safe, non-abrasive, and efficient for surface restoration, machinery maintenance, and mold removal in Montreal.\",\"breadcrumb\":{\"@id\":\"https:\\\/\\\/groupericci.com\\\/dry-ice-cleaning\\\/#breadcrumb\"},\"inLanguage\":\"fr-CA\",\"potentialAction\":[{\"@type\":\"ReadAction\",\"target\":[\"https:\\\/\\\/groupericci.com\\\/dry-ice-cleaning\\\/\"]}]},{\"@type\":\"ImageObject\",\"inLanguage\":\"fr-CA\",\"@id\":\"https:\\\/\\\/groupericci.com\\\/dry-ice-cleaning\\\/#primaryimage\",\"url\":\"https:\\\/\\\/groupericci.com\\\/wp-content\\\/uploads\\\/2020\\\/06\\\/IC2-900x506.jpg\",\"contentUrl\":\"https:\\\/\\\/groupericci.com\\\/wp-content\\\/uploads\\\/2020\\\/06\\\/IC2-900x506.jpg\"},{\"@type\":\"BreadcrumbList\",\"@id\":\"https:\\\/\\\/groupericci.com\\\/dry-ice-cleaning\\\/#breadcrumb\",\"itemListElement\":[{\"@type\":\"ListItem\",\"position\":1,\"name\":\"Home\",\"item\":\"https:\\\/\\\/groupericci.com\\\/\"},{\"@type\":\"ListItem\",\"position\":2,\"name\":\"Dry Ice Cleaning\"}]},{\"@type\":\"WebSite\",\"@id\":\"https:\\\/\\\/groupericci.com\\\/#website\",\"url\":\"https:\\\/\\\/groupericci.com\\\/\",\"name\":\"groupericci.com\",\"description\":\"SP\u00c9CIALISTE EN SABLAGE au Jet, Nettoyage apr\u00e8s sinistre et plus.\",\"publisher\":{\"@id\":\"https:\\\/\\\/groupericci.com\\\/#organization\"},\"alternateName\":\"Le Groupe Ricci\",\"potentialAction\":[{\"@type\":\"SearchAction\",\"target\":{\"@type\":\"EntryPoint\",\"urlTemplate\":\"https:\\\/\\\/groupericci.com\\\/?s={search_term_string}\"},\"query-input\":{\"@type\":\"PropertyValueSpecification\",\"valueRequired\":true,\"valueName\":\"search_term_string\"}}],\"inLanguage\":\"fr-CA\"},{\"@type\":\"Organization\",\"@id\":\"https:\\\/\\\/groupericci.com\\\/#organization\",\"name\":\"Le Groupe Ricci\",\"alternateName\":\"Group Ricci\",\"url\":\"https:\\\/\\\/groupericci.com\\\/\",\"logo\":{\"@type\":\"ImageObject\",\"inLanguage\":\"fr-CA\",\"@id\":\"https:\\\/\\\/groupericci.com\\\/#\\\/schema\\\/logo\\\/image\\\/\",\"url\":\"https:\\\/\\\/groupericci.com\\\/wp-content\\\/uploads\\\/2020\\\/06\\\/Untitled-1.png\",\"contentUrl\":\"https:\\\/\\\/groupericci.com\\\/wp-content\\\/uploads\\\/2020\\\/06\\\/Untitled-1.png\",\"width\":563,\"height\":263,\"caption\":\"Le Groupe Ricci\"},\"image\":{\"@id\":\"https:\\\/\\\/groupericci.com\\\/#\\\/schema\\\/logo\\\/image\\\/\"},\"sameAs\":[\"https:\\\/\\\/www.facebook.com\\\/profile.php?id=100086190623934\"]}]}<\/script>\n<!-- \/ Yoast SEO Premium plugin. -->","yoast_head_json":{"title":"Dry Ice Cleaning - Le Groupe Ricci","description":"Eco-friendly Dry Ice Cleaning by Ricci Group: Safe, non-abrasive, and efficient for surface restoration, machinery maintenance, and mold removal in Montreal.","robots":{"index":"index","follow":"follow","max-snippet":"max-snippet:-1","max-image-preview":"max-image-preview:large","max-video-preview":"max-video-preview:-1"},"canonical":"https:\/\/groupericci.com\/fr\/nettoyage-glace-seche\/","og_locale":"fr_CA","og_type":"article","og_title":"Dry Ice Cleaning","og_description":"Eco-friendly Dry Ice Cleaning by Ricci Group: Safe, non-abrasive, and efficient for surface restoration, machinery maintenance, and mold removal in Montreal.","og_url":"https:\/\/groupericci.com\/fr\/nettoyage-glace-seche\/","og_site_name":"Le Groupe Ricci","article_publisher":"https:\/\/www.facebook.com\/profile.php?id=100086190623934","article_modified_time":"2025-04-23T20:13:36+00:00","og_image":[{"width":900,"height":675,"url":"https:\/\/groupericci.com\/wp-content\/uploads\/2020\/06\/IC2.jpg","type":"image\/jpeg"}],"twitter_card":"summary_large_image","twitter_misc":{"Estimation du temps de lecture":"2 minutes"},"schema":{"@context":"https:\/\/schema.org","@graph":[{"@type":"WebPage","@id":"https:\/\/groupericci.com\/dry-ice-cleaning\/","url":"https:\/\/groupericci.com\/dry-ice-cleaning\/","name":"Dry Ice Cleaning - Le Groupe Ricci","isPartOf":{"@id":"https:\/\/groupericci.com\/#website"},"primaryImageOfPage":{"@id":"https:\/\/groupericci.com\/dry-ice-cleaning\/#primaryimage"},"image":{"@id":"https:\/\/groupericci.com\/dry-ice-cleaning\/#primaryimage"},"thumbnailUrl":"https:\/\/groupericci.com\/wp-content\/uploads\/2020\/06\/IC2-900x506.jpg","datePublished":"2022-04-08T21:37:51+00:00","dateModified":"2025-04-23T20:13:36+00:00","description":"Eco-friendly Dry Ice Cleaning by Ricci Group: Safe, non-abrasive, and efficient for surface restoration, machinery maintenance, and mold removal in Montreal.","breadcrumb":{"@id":"https:\/\/groupericci.com\/dry-ice-cleaning\/#breadcrumb"},"inLanguage":"fr-CA","potentialAction":[{"@type":"ReadAction","target":["https:\/\/groupericci.com\/dry-ice-cleaning\/"]}]},{"@type":"ImageObject","inLanguage":"fr-CA","@id":"https:\/\/groupericci.com\/dry-ice-cleaning\/#primaryimage","url":"https:\/\/groupericci.com\/wp-content\/uploads\/2020\/06\/IC2-900x506.jpg","contentUrl":"https:\/\/groupericci.com\/wp-content\/uploads\/2020\/06\/IC2-900x506.jpg"},{"@type":"BreadcrumbList","@id":"https:\/\/groupericci.com\/dry-ice-cleaning\/#breadcrumb","itemListElement":[{"@type":"ListItem","position":1,"name":"Home","item":"https:\/\/groupericci.com\/"},{"@type":"ListItem","position":2,"name":"Dry Ice Cleaning"}]},{"@type":"WebSite","@id":"https:\/\/groupericci.com\/#website","url":"https:\/\/groupericci.com\/","name":"groupericci.com","description":"SP\u00c9CIALISTE EN SABLAGE au Jet, Nettoyage apr\u00e8s sinistre et plus.","publisher":{"@id":"https:\/\/groupericci.com\/#organization"},"alternateName":"Le Groupe Ricci","potentialAction":[{"@type":"SearchAction","target":{"@type":"EntryPoint","urlTemplate":"https:\/\/groupericci.com\/?s={search_term_string}"},"query-input":{"@type":"PropertyValueSpecification","valueRequired":true,"valueName":"search_term_string"}}],"inLanguage":"fr-CA"},{"@type":"Organization","@id":"https:\/\/groupericci.com\/#organization","name":"Le Groupe Ricci","alternateName":"Group Ricci","url":"https:\/\/groupericci.com\/","logo":{"@type":"ImageObject","inLanguage":"fr-CA","@id":"https:\/\/groupericci.com\/#\/schema\/logo\/image\/","url":"https:\/\/groupericci.com\/wp-content\/uploads\/2020\/06\/Untitled-1.png","contentUrl":"https:\/\/groupericci.com\/wp-content\/uploads\/2020\/06\/Untitled-1.png","width":563,"height":263,"caption":"Le Groupe Ricci"},"image":{"@id":"https:\/\/groupericci.com\/#\/schema\/logo\/image\/"},"sameAs":["https:\/\/www.facebook.com\/profile.php?id=100086190623934"]}]}},"_links":{"self":[{"href":"https:\/\/groupericci.com\/fr\/wp-json\/wp\/v2\/pages\/5592","targetHints":{"allow":["GET"]}}],"collection":[{"href":"https:\/\/groupericci.com\/fr\/wp-json\/wp\/v2\/pages"}],"about":[{"href":"https:\/\/groupericci.com\/fr\/wp-json\/wp\/v2\/types\/page"}],"author":[{"embeddable":true,"href":"https:\/\/groupericci.com\/fr\/wp-json\/wp\/v2\/users\/1"}],"replies":[{"embeddable":true,"href":"https:\/\/groupericci.com\/fr\/wp-json\/wp\/v2\/comments?post=5592"}],"version-history":[{"count":35,"href":"https:\/\/groupericci.com\/fr\/wp-json\/wp\/v2\/pages\/5592\/revisions"}],"predecessor-version":[{"id":7407,"href":"https:\/\/groupericci.com\/fr\/wp-json\/wp\/v2\/pages\/5592\/revisions\/7407"}],"wp:attachment":[{"href":"https:\/\/groupericci.com\/fr\/wp-json\/wp\/v2\/media?parent=5592"}],"curies":[{"name":"wp","href":"https:\/\/api.w.org\/{rel}","templated":true}]}}