{"id":5648,"date":"2022-04-08T18:04:00","date_gmt":"2022-04-08T22:04:00","guid":{"rendered":"https:\/\/groupericci.com\/?page_id=5648"},"modified":"2025-04-23T15:36:22","modified_gmt":"2025-04-23T19:36:22","slug":"steam-cleaning","status":"publish","type":"page","link":"https:\/\/groupericci.com\/fr\/nettoyage-a-vapeur\/","title":{"rendered":"Nettoyage \u00e0 vapeur"},"content":{"rendered":"<div data-elementor-type=\"wp-page\" data-elementor-id=\"5648\" class=\"elementor elementor-5648\" data-elementor-post-type=\"page\">\n\t\t\t\t\t\t<section class=\"elementor-section elementor-top-section elementor-element elementor-element-d226581 elementor-section-boxed elementor-section-height-default elementor-section-height-default\" data-id=\"d226581\" data-element_type=\"section\" data-e-type=\"section\">\n\t\t\t\t\t\t<div class=\"elementor-container elementor-column-gap-default\">\n\t\t\t\t\t<div class=\"elementor-column elementor-col-100 elementor-top-column elementor-element elementor-element-55fe02f\" data-id=\"55fe02f\" data-element_type=\"column\" data-e-type=\"column\">\n\t\t\t<div class=\"elementor-widget-wrap elementor-element-populated\">\n\t\t\t\t\t\t<div class=\"elementor-element elementor-element-f2c4b6e elementor-widget elementor-widget-heading\" data-id=\"f2c4b6e\" data-element_type=\"widget\" data-e-type=\"widget\" data-widget_type=\"heading.default\">\n\t\t\t\t<div class=\"elementor-widget-container\">\n\t\t\t\t\t<h2 class=\"elementor-heading-title elementor-size-default\">Nettoyage \u00e0 vapeur<\/h2>\t\t\t\t<\/div>\n\t\t\t\t<\/div>\n\t\t\t\t\t<\/div>\n\t\t<\/div>\n\t\t\t\t\t<\/div>\n\t\t<\/section>\n\t\t\t\t<section class=\"elementor-section elementor-top-section elementor-element elementor-element-96e6916 elementor-section-boxed elementor-section-height-default elementor-section-height-default\" data-id=\"96e6916\" data-element_type=\"section\" data-e-type=\"section\">\n\t\t\t\t\t\t<div class=\"elementor-container elementor-column-gap-default\">\n\t\t\t\t\t<div class=\"elementor-column elementor-col-100 elementor-top-column elementor-element elementor-element-84706c1\" data-id=\"84706c1\" data-element_type=\"column\" data-e-type=\"column\">\n\t\t\t<div class=\"elementor-widget-wrap elementor-element-populated\">\n\t\t\t\t\t\t<div class=\"elementor-element elementor-element-fff71dd elementor-widget elementor-widget-image\" data-id=\"fff71dd\" data-element_type=\"widget\" data-e-type=\"widget\" data-widget_type=\"image.default\">\n\t\t\t\t<div class=\"elementor-widget-container\">\n\t\t\t\t\t\t\t\t\t\t\t\t\t\t\t<img fetchpriority=\"high\" decoding=\"async\" width=\"900\" height=\"506\" src=\"https:\/\/groupericci.com\/wp-content\/uploads\/2020\/06\/SC1-900x506.jpg\" class=\"attachment-aichtwooh-thumb-l size-aichtwooh-thumb-l wp-image-5232\" alt=\"\" \/>\t\t\t\t\t\t\t\t\t\t\t\t\t\t\t<\/div>\n\t\t\t\t<\/div>\n\t\t\t\t<div class=\"elementor-element elementor-element-63a7728 elementor-widget-divider--view-line elementor-widget elementor-widget-divider\" data-id=\"63a7728\" data-element_type=\"widget\" data-e-type=\"widget\" data-widget_type=\"divider.default\">\n\t\t\t\t<div class=\"elementor-widget-container\">\n\t\t\t\t\t\t\t<div class=\"elementor-divider\">\n\t\t\t<span class=\"elementor-divider-separator\">\n\t\t\t\t\t\t<\/span>\n\t\t<\/div>\n\t\t\t\t\t\t<\/div>\n\t\t\t\t<\/div>\n\t\t\t\t\t<\/div>\n\t\t<\/div>\n\t\t\t\t\t<\/div>\n\t\t<\/section>\n\t\t\t\t<section class=\"elementor-section elementor-top-section elementor-element elementor-element-ae0d5a5 elementor-section-boxed elementor-section-height-default elementor-section-height-default\" data-id=\"ae0d5a5\" data-element_type=\"section\" data-e-type=\"section\">\n\t\t\t\t\t\t<div class=\"elementor-container elementor-column-gap-default\">\n\t\t\t\t\t<div class=\"elementor-column elementor-col-100 elementor-top-column elementor-element elementor-element-fa45f61\" data-id=\"fa45f61\" data-element_type=\"column\" data-e-type=\"column\">\n\t\t\t<div class=\"elementor-widget-wrap elementor-element-populated\">\n\t\t\t\t\t\t<div class=\"elementor-element elementor-element-d1d6e10 elementor-widget elementor-widget-text-editor\" data-id=\"d1d6e10\" data-element_type=\"widget\" data-e-type=\"widget\" data-widget_type=\"text-editor.default\">\n\t\t\t\t<div class=\"elementor-widget-container\">\n\t\t\t\t\t\t\t\t\t<div class=\"collRight\"><div class=\"texteCMS\"><p class=\"MsoNormal\"><span style=\"letter-spacing: 0px;\">Cette m\u00e9thode de nettoyage convient \u00e0 un large \u00e9ventail d'applications commerciales, industrielles et r\u00e9sidentielles. Elle est particuli\u00e8rement efficace pour le nettoyage en profondeur des tapis et des tissus, car la vapeur p\u00e9n\u00e8tre profond\u00e9ment dans les fibres pour soulever la salet\u00e9 et les taches sans les endommager. Cette m\u00e9thode est tr\u00e8s appr\u00e9ci\u00e9e dans les zones o\u00f9 il est essentiel de maintenir des normes d'hygi\u00e8ne strictes, comme les cuisines commerciales, les \u00e9tablissements de sant\u00e9 et les espaces publics tr\u00e8s fr\u00e9quent\u00e9s.<\/span><\/p><p class=\"MsoNormal\">\u00a0<\/p><\/div><\/div>\t\t\t\t\t\t\t\t<\/div>\n\t\t\t\t<\/div>\n\t\t\t\t<div class=\"elementor-element elementor-element-1ec91ba elementor-widget elementor-widget-heading\" data-id=\"1ec91ba\" data-element_type=\"widget\" data-e-type=\"widget\" data-widget_type=\"heading.default\">\n\t\t\t\t<div class=\"elementor-widget-container\">\n\t\t\t\t\t<h4 class=\"elementor-heading-title elementor-size-default\">Certains de nos projets<\/h4>\t\t\t\t<\/div>\n\t\t\t\t<\/div>\n\t\t\t\t\t<\/div>\n\t\t<\/div>\n\t\t\t\t\t<\/div>\n\t\t<\/section>\n\t\t\t\t<section class=\"elementor-section elementor-top-section elementor-element elementor-element-8906ffb elementor-section-boxed elementor-section-height-default elementor-section-height-default\" data-id=\"8906ffb\" data-element_type=\"section\" data-e-type=\"section\">\n\t\t\t\t\t\t<div class=\"elementor-container elementor-column-gap-default\">\n\t\t\t\t\t<div class=\"elementor-column elementor-col-100 elementor-top-column elementor-element elementor-element-2308a9f\" data-id=\"2308a9f\" data-element_type=\"column\" data-e-type=\"column\">\n\t\t\t<div class=\"elementor-widget-wrap elementor-element-populated\">\n\t\t\t\t\t\t<div class=\"elementor-element elementor-element-7be5072 elementor-widget elementor-widget-video\" data-id=\"7be5072\" data-element_type=\"widget\" data-e-type=\"widget\" data-settings=\"{&quot;video_type&quot;:&quot;hosted&quot;,&quot;controls&quot;:&quot;yes&quot;}\" data-widget_type=\"video.default\">\n\t\t\t\t<div class=\"elementor-widget-container\">\n\t\t\t\t\t\t\t<div class=\"e-hosted-video elementor-wrapper elementor-open-inline\">\n\t\t\t\t\t<video class=\"elementor-video\" src=\"https:\/\/groupericci.com\/wp-content\/uploads\/2025\/04\/NETTOYAGE-A-LA-VAPEUR.mp4\" controls=\"\" preload=\"metadata\" controlslist=\"nodownload\"><\/video>\n\t\t\t\t<\/div>\n\t\t\t\t\t\t<\/div>\n\t\t\t\t<\/div>\n\t\t\t\t\t<\/div>\n\t\t<\/div>\n\t\t\t\t\t<\/div>\n\t\t<\/section>\n\t\t\t\t<\/div>","protected":false},"excerpt":{"rendered":"<p>Steam Cleaning This cleaning method is suitable for a wide range of applications in commercial, industrial, and residential settings. It\u2019s particularly effective for deep-cleaning carpets and fabrics, as the steam penetrates deep into fibers to lift dirt and stains without causing damage. This method is highly valued in areas where maintaining strict hygiene standards is &hellip;<\/p>","protected":false},"author":1,"featured_media":0,"parent":0,"menu_order":0,"comment_status":"closed","ping_status":"closed","template":"","meta":{"footnotes":""},"class_list":["post-5648","page","type-page","status-publish","hentry","no-thumb"],"yoast_head":"<!-- This site is optimized with the Yoast SEO Premium plugin v20.6 (Yoast SEO v27.5) - https:\/\/yoast.com\/product\/yoast-seo-premium-wordpress\/ -->\n<title>Steam Cleaning - Le Groupe Ricci<\/title>\n<meta name=\"description\" content=\"Eco-friendly steam cleaning by Groupe Ricci. Safely clean and sanitize carpets, fabrics, and more in commercial, industrial, and residential spaces. Available 24\/7.\" \/>\n<meta name=\"robots\" content=\"index, follow, max-snippet:-1, max-image-preview:large, max-video-preview:-1\" \/>\n<link rel=\"canonical\" href=\"https:\/\/groupericci.com\/fr\/nettoyage-a-vapeur\/\" \/>\n<meta property=\"og:locale\" content=\"fr_CA\" \/>\n<meta property=\"og:type\" content=\"article\" \/>\n<meta property=\"og:title\" content=\"Steam Cleaning\" \/>\n<meta property=\"og:description\" content=\"Eco-friendly steam cleaning by Groupe Ricci. Safely clean and sanitize carpets, fabrics, and more in commercial, industrial, and residential spaces. Available 24\/7.\" \/>\n<meta property=\"og:url\" content=\"https:\/\/groupericci.com\/fr\/nettoyage-a-vapeur\/\" \/>\n<meta property=\"og:site_name\" content=\"Le Groupe Ricci\" \/>\n<meta property=\"article:publisher\" content=\"https:\/\/www.facebook.com\/profile.php?id=100086190623934\" \/>\n<meta property=\"article:modified_time\" content=\"2025-04-23T19:36:22+00:00\" \/>\n<meta property=\"og:image\" content=\"https:\/\/groupericci.com\/wp-content\/uploads\/2020\/06\/SC1.jpg\" \/>\n\t<meta property=\"og:image:width\" content=\"900\" \/>\n\t<meta property=\"og:image:height\" content=\"675\" \/>\n\t<meta property=\"og:image:type\" content=\"image\/jpeg\" \/>\n<meta name=\"twitter:card\" content=\"summary_large_image\" \/>\n<meta name=\"twitter:label1\" content=\"Estimation du temps de lecture\" \/>\n\t<meta name=\"twitter:data1\" content=\"1 minute\" \/>\n<script type=\"application\/ld+json\" class=\"yoast-schema-graph\">{\"@context\":\"https:\\\/\\\/schema.org\",\"@graph\":[{\"@type\":\"WebPage\",\"@id\":\"https:\\\/\\\/groupericci.com\\\/steam-cleaning\\\/\",\"url\":\"https:\\\/\\\/groupericci.com\\\/steam-cleaning\\\/\",\"name\":\"Steam Cleaning - Le Groupe Ricci\",\"isPartOf\":{\"@id\":\"https:\\\/\\\/groupericci.com\\\/#website\"},\"primaryImageOfPage\":{\"@id\":\"https:\\\/\\\/groupericci.com\\\/steam-cleaning\\\/#primaryimage\"},\"image\":{\"@id\":\"https:\\\/\\\/groupericci.com\\\/steam-cleaning\\\/#primaryimage\"},\"thumbnailUrl\":\"https:\\\/\\\/groupericci.com\\\/wp-content\\\/uploads\\\/2020\\\/06\\\/SC1-900x506.jpg\",\"datePublished\":\"2022-04-08T22:04:00+00:00\",\"dateModified\":\"2025-04-23T19:36:22+00:00\",\"description\":\"Eco-friendly steam cleaning by Groupe Ricci. Safely clean and sanitize carpets, fabrics, and more in commercial, industrial, and residential spaces. Available 24\\\/7.\",\"breadcrumb\":{\"@id\":\"https:\\\/\\\/groupericci.com\\\/steam-cleaning\\\/#breadcrumb\"},\"inLanguage\":\"fr-CA\",\"potentialAction\":[{\"@type\":\"ReadAction\",\"target\":[\"https:\\\/\\\/groupericci.com\\\/steam-cleaning\\\/\"]}]},{\"@type\":\"ImageObject\",\"inLanguage\":\"fr-CA\",\"@id\":\"https:\\\/\\\/groupericci.com\\\/steam-cleaning\\\/#primaryimage\",\"url\":\"https:\\\/\\\/groupericci.com\\\/wp-content\\\/uploads\\\/2020\\\/06\\\/SC1-900x506.jpg\",\"contentUrl\":\"https:\\\/\\\/groupericci.com\\\/wp-content\\\/uploads\\\/2020\\\/06\\\/SC1-900x506.jpg\"},{\"@type\":\"BreadcrumbList\",\"@id\":\"https:\\\/\\\/groupericci.com\\\/steam-cleaning\\\/#breadcrumb\",\"itemListElement\":[{\"@type\":\"ListItem\",\"position\":1,\"name\":\"Home\",\"item\":\"https:\\\/\\\/groupericci.com\\\/\"},{\"@type\":\"ListItem\",\"position\":2,\"name\":\"Steam Cleaning\"}]},{\"@type\":\"WebSite\",\"@id\":\"https:\\\/\\\/groupericci.com\\\/#website\",\"url\":\"https:\\\/\\\/groupericci.com\\\/\",\"name\":\"groupericci.com\",\"description\":\"SP\u00c9CIALISTE EN SABLAGE au Jet, Nettoyage apr\u00e8s sinistre et plus.\",\"publisher\":{\"@id\":\"https:\\\/\\\/groupericci.com\\\/#organization\"},\"alternateName\":\"Le Groupe Ricci\",\"potentialAction\":[{\"@type\":\"SearchAction\",\"target\":{\"@type\":\"EntryPoint\",\"urlTemplate\":\"https:\\\/\\\/groupericci.com\\\/?s={search_term_string}\"},\"query-input\":{\"@type\":\"PropertyValueSpecification\",\"valueRequired\":true,\"valueName\":\"search_term_string\"}}],\"inLanguage\":\"fr-CA\"},{\"@type\":\"Organization\",\"@id\":\"https:\\\/\\\/groupericci.com\\\/#organization\",\"name\":\"Le Groupe Ricci\",\"alternateName\":\"Group Ricci\",\"url\":\"https:\\\/\\\/groupericci.com\\\/\",\"logo\":{\"@type\":\"ImageObject\",\"inLanguage\":\"fr-CA\",\"@id\":\"https:\\\/\\\/groupericci.com\\\/#\\\/schema\\\/logo\\\/image\\\/\",\"url\":\"https:\\\/\\\/groupericci.com\\\/wp-content\\\/uploads\\\/2020\\\/06\\\/Untitled-1.png\",\"contentUrl\":\"https:\\\/\\\/groupericci.com\\\/wp-content\\\/uploads\\\/2020\\\/06\\\/Untitled-1.png\",\"width\":563,\"height\":263,\"caption\":\"Le Groupe Ricci\"},\"image\":{\"@id\":\"https:\\\/\\\/groupericci.com\\\/#\\\/schema\\\/logo\\\/image\\\/\"},\"sameAs\":[\"https:\\\/\\\/www.facebook.com\\\/profile.php?id=100086190623934\"]}]}<\/script>\n<!-- \/ Yoast SEO Premium plugin. -->","yoast_head_json":{"title":"Steam Cleaning - Le Groupe Ricci","description":"Eco-friendly steam cleaning by Groupe Ricci. Safely clean and sanitize carpets, fabrics, and more in commercial, industrial, and residential spaces. Available 24\/7.","robots":{"index":"index","follow":"follow","max-snippet":"max-snippet:-1","max-image-preview":"max-image-preview:large","max-video-preview":"max-video-preview:-1"},"canonical":"https:\/\/groupericci.com\/fr\/nettoyage-a-vapeur\/","og_locale":"fr_CA","og_type":"article","og_title":"Steam Cleaning","og_description":"Eco-friendly steam cleaning by Groupe Ricci. Safely clean and sanitize carpets, fabrics, and more in commercial, industrial, and residential spaces. Available 24\/7.","og_url":"https:\/\/groupericci.com\/fr\/nettoyage-a-vapeur\/","og_site_name":"Le Groupe Ricci","article_publisher":"https:\/\/www.facebook.com\/profile.php?id=100086190623934","article_modified_time":"2025-04-23T19:36:22+00:00","og_image":[{"width":900,"height":675,"url":"https:\/\/groupericci.com\/wp-content\/uploads\/2020\/06\/SC1.jpg","type":"image\/jpeg"}],"twitter_card":"summary_large_image","twitter_misc":{"Estimation du temps de lecture":"1 minute"},"schema":{"@context":"https:\/\/schema.org","@graph":[{"@type":"WebPage","@id":"https:\/\/groupericci.com\/steam-cleaning\/","url":"https:\/\/groupericci.com\/steam-cleaning\/","name":"Steam Cleaning - Le Groupe Ricci","isPartOf":{"@id":"https:\/\/groupericci.com\/#website"},"primaryImageOfPage":{"@id":"https:\/\/groupericci.com\/steam-cleaning\/#primaryimage"},"image":{"@id":"https:\/\/groupericci.com\/steam-cleaning\/#primaryimage"},"thumbnailUrl":"https:\/\/groupericci.com\/wp-content\/uploads\/2020\/06\/SC1-900x506.jpg","datePublished":"2022-04-08T22:04:00+00:00","dateModified":"2025-04-23T19:36:22+00:00","description":"Eco-friendly steam cleaning by Groupe Ricci. Safely clean and sanitize carpets, fabrics, and more in commercial, industrial, and residential spaces. Available 24\/7.","breadcrumb":{"@id":"https:\/\/groupericci.com\/steam-cleaning\/#breadcrumb"},"inLanguage":"fr-CA","potentialAction":[{"@type":"ReadAction","target":["https:\/\/groupericci.com\/steam-cleaning\/"]}]},{"@type":"ImageObject","inLanguage":"fr-CA","@id":"https:\/\/groupericci.com\/steam-cleaning\/#primaryimage","url":"https:\/\/groupericci.com\/wp-content\/uploads\/2020\/06\/SC1-900x506.jpg","contentUrl":"https:\/\/groupericci.com\/wp-content\/uploads\/2020\/06\/SC1-900x506.jpg"},{"@type":"BreadcrumbList","@id":"https:\/\/groupericci.com\/steam-cleaning\/#breadcrumb","itemListElement":[{"@type":"ListItem","position":1,"name":"Home","item":"https:\/\/groupericci.com\/"},{"@type":"ListItem","position":2,"name":"Steam Cleaning"}]},{"@type":"WebSite","@id":"https:\/\/groupericci.com\/#website","url":"https:\/\/groupericci.com\/","name":"groupericci.com","description":"SP\u00c9CIALISTE EN SABLAGE au Jet, Nettoyage apr\u00e8s sinistre et plus.","publisher":{"@id":"https:\/\/groupericci.com\/#organization"},"alternateName":"Le Groupe Ricci","potentialAction":[{"@type":"SearchAction","target":{"@type":"EntryPoint","urlTemplate":"https:\/\/groupericci.com\/?s={search_term_string}"},"query-input":{"@type":"PropertyValueSpecification","valueRequired":true,"valueName":"search_term_string"}}],"inLanguage":"fr-CA"},{"@type":"Organization","@id":"https:\/\/groupericci.com\/#organization","name":"Le Groupe Ricci","alternateName":"Group Ricci","url":"https:\/\/groupericci.com\/","logo":{"@type":"ImageObject","inLanguage":"fr-CA","@id":"https:\/\/groupericci.com\/#\/schema\/logo\/image\/","url":"https:\/\/groupericci.com\/wp-content\/uploads\/2020\/06\/Untitled-1.png","contentUrl":"https:\/\/groupericci.com\/wp-content\/uploads\/2020\/06\/Untitled-1.png","width":563,"height":263,"caption":"Le Groupe Ricci"},"image":{"@id":"https:\/\/groupericci.com\/#\/schema\/logo\/image\/"},"sameAs":["https:\/\/www.facebook.com\/profile.php?id=100086190623934"]}]}},"_links":{"self":[{"href":"https:\/\/groupericci.com\/fr\/wp-json\/wp\/v2\/pages\/5648","targetHints":{"allow":["GET"]}}],"collection":[{"href":"https:\/\/groupericci.com\/fr\/wp-json\/wp\/v2\/pages"}],"about":[{"href":"https:\/\/groupericci.com\/fr\/wp-json\/wp\/v2\/types\/page"}],"author":[{"embeddable":true,"href":"https:\/\/groupericci.com\/fr\/wp-json\/wp\/v2\/users\/1"}],"replies":[{"embeddable":true,"href":"https:\/\/groupericci.com\/fr\/wp-json\/wp\/v2\/comments?post=5648"}],"version-history":[{"count":56,"href":"https:\/\/groupericci.com\/fr\/wp-json\/wp\/v2\/pages\/5648\/revisions"}],"predecessor-version":[{"id":7378,"href":"https:\/\/groupericci.com\/fr\/wp-json\/wp\/v2\/pages\/5648\/revisions\/7378"}],"wp:attachment":[{"href":"https:\/\/groupericci.com\/fr\/wp-json\/wp\/v2\/media?parent=5648"}],"curies":[{"name":"wp","href":"https:\/\/api.w.org\/{rel}","templated":true}]}}