{"id":5718,"date":"2022-04-08T18:24:36","date_gmt":"2022-04-08T22:24:36","guid":{"rendered":"https:\/\/groupericci.com\/?page_id=5718"},"modified":"2025-04-17T13:49:22","modified_gmt":"2025-04-17T17:49:22","slug":"vacuum-truck-pumping","status":"publish","type":"page","link":"https:\/\/groupericci.com\/fr\/pompage-au-camion-citerne\/","title":{"rendered":"Pompage au Camion Citerne"},"content":{"rendered":"<div data-elementor-type=\"wp-page\" data-elementor-id=\"5718\" class=\"elementor elementor-5718\" data-elementor-post-type=\"page\">\n\t\t\t\t\t\t<section class=\"elementor-section elementor-top-section elementor-element elementor-element-29373ef elementor-section-boxed elementor-section-height-default elementor-section-height-default\" data-id=\"29373ef\" data-element_type=\"section\" data-e-type=\"section\">\n\t\t\t\t\t\t<div class=\"elementor-container elementor-column-gap-default\">\n\t\t\t\t\t<div class=\"elementor-column elementor-col-100 elementor-top-column elementor-element elementor-element-77efd69\" data-id=\"77efd69\" data-element_type=\"column\" data-e-type=\"column\">\n\t\t\t<div class=\"elementor-widget-wrap elementor-element-populated\">\n\t\t\t\t\t\t<div class=\"elementor-element elementor-element-ada7b1e elementor-widget elementor-widget-heading\" data-id=\"ada7b1e\" data-element_type=\"widget\" data-e-type=\"widget\" data-widget_type=\"heading.default\">\n\t\t\t\t<div class=\"elementor-widget-container\">\n\t\t\t\t\t<h2 class=\"elementor-heading-title elementor-size-default\">Pompage au Camion Citerne<\/h2>\t\t\t\t<\/div>\n\t\t\t\t<\/div>\n\t\t\t\t\t<\/div>\n\t\t<\/div>\n\t\t\t\t\t<\/div>\n\t\t<\/section>\n\t\t\t\t<section class=\"elementor-section elementor-top-section elementor-element elementor-element-a8527bc elementor-section-boxed elementor-section-height-default elementor-section-height-default\" data-id=\"a8527bc\" data-element_type=\"section\" data-e-type=\"section\">\n\t\t\t\t\t\t<div class=\"elementor-container elementor-column-gap-default\">\n\t\t\t\t\t<div class=\"elementor-column elementor-col-100 elementor-top-column elementor-element elementor-element-3742fc2\" data-id=\"3742fc2\" data-element_type=\"column\" data-e-type=\"column\">\n\t\t\t<div class=\"elementor-widget-wrap elementor-element-populated\">\n\t\t\t\t\t\t<div class=\"elementor-element elementor-element-95ec8a1 elementor-widget elementor-widget-image\" data-id=\"95ec8a1\" data-element_type=\"widget\" data-e-type=\"widget\" data-widget_type=\"image.default\">\n\t\t\t\t<div class=\"elementor-widget-container\">\n\t\t\t\t\t\t\t\t\t\t\t\t\t\t\t<img fetchpriority=\"high\" decoding=\"async\" width=\"1280\" height=\"506\" src=\"https:\/\/groupericci.com\/wp-content\/uploads\/2016\/10\/IMG_7322-1280x506.jpeg\" class=\"attachment-aichtwooh-thumb-l size-aichtwooh-thumb-l wp-image-5255\" alt=\"\" \/>\t\t\t\t\t\t\t\t\t\t\t\t\t\t\t<\/div>\n\t\t\t\t<\/div>\n\t\t\t\t<div class=\"elementor-element elementor-element-d99278f elementor-widget-divider--view-line elementor-widget elementor-widget-divider\" data-id=\"d99278f\" data-element_type=\"widget\" data-e-type=\"widget\" data-widget_type=\"divider.default\">\n\t\t\t\t<div class=\"elementor-widget-container\">\n\t\t\t\t\t\t\t<div class=\"elementor-divider\">\n\t\t\t<span class=\"elementor-divider-separator\">\n\t\t\t\t\t\t<\/span>\n\t\t<\/div>\n\t\t\t\t\t\t<\/div>\n\t\t\t\t<\/div>\n\t\t\t\t\t<\/div>\n\t\t<\/div>\n\t\t\t\t\t<\/div>\n\t\t<\/section>\n\t\t\t\t<section class=\"elementor-section elementor-top-section elementor-element elementor-element-be8f03d elementor-section-boxed elementor-section-height-default elementor-section-height-default\" data-id=\"be8f03d\" data-element_type=\"section\" data-e-type=\"section\">\n\t\t\t\t\t\t<div class=\"elementor-container elementor-column-gap-default\">\n\t\t\t\t\t<div class=\"elementor-column elementor-col-100 elementor-top-column elementor-element elementor-element-566b4e4\" data-id=\"566b4e4\" data-element_type=\"column\" data-e-type=\"column\">\n\t\t\t<div class=\"elementor-widget-wrap elementor-element-populated\">\n\t\t\t\t\t\t<div class=\"elementor-element elementor-element-a170bc9 elementor-widget elementor-widget-text-editor\" data-id=\"a170bc9\" data-element_type=\"widget\" data-e-type=\"widget\" data-widget_type=\"text-editor.default\">\n\t\t\t\t<div class=\"elementor-widget-container\">\n\t\t\t\t\t\t\t\t\t<div>\n<div dir=\"auto\" data-message-author-role=\"assistant\" data-message-id=\"daaa6646-7dca-4a8b-8575-7b22cf1a636d\">\n<div>\n<div>\n<p>Le Groupe Ricci offre des services sp\u00e9cialis\u00e9s dans le <strong>pompage au camion citerne<\/strong>, destin\u00e9s aux secteurs r\u00e9sidentiel et industriel. Avec un d\u00e9partement de pompage d\u00e9di\u00e9, nous sommes \u00e9quip\u00e9s pour r\u00e9pondre \u00e0 un large \u00e9ventail de besoins, en fournissant des solutions fiables et efficaces \u00e0 toute heure du jour et de la nuit. Nos techniciens professionnels sont disponibles 24 heures sur 24 et 7 jours sur 7 pour r\u00e9pondre aux urgences et s'assurer que vos besoins en mati\u00e8re de pompage sont satisfaits rapidement et efficacement.<\/p>\n<p>Nos services complets de pompage au camion citerne comprennent :<\/p>\n<ul>\n<li><strong>\u00c9limination, traitement et valorisation des d\u00e9chets industriels<\/strong>: Nous g\u00e9rons l'\u00e9limination et le traitement des d\u00e9chets industriels en toute s\u00e9curit\u00e9, en veillant au respect des r\u00e9glementations environnementales.<\/li>\n<li><strong>Pompage sous vide de drains et d'\u00e9gouts<\/strong>: Notre \u00e9quipe s'occupe efficacement de l'\u00e9limination des d\u00e9chets des canalisations et des syst\u00e8mes d'\u00e9gouts, en \u00e9vitant les blocages et en maintenant un d\u00e9bit ad\u00e9quat.<\/li>\n<li><strong>Pompage d'urgence en cas d'inondation<\/strong>: En cas d'inondation, nous fournissons des services d'intervention rapide pour pomper l'exc\u00e8s d'eau, minimisant ainsi les dommages aux propri\u00e9t\u00e9s et aux infrastructures.<\/li>\n<li><strong>Pompage de r\u00e9servoirs et de silos<\/strong>: Nous proposons un pompage sp\u00e9cialis\u00e9 pour les r\u00e9servoirs et les silos, garantissant que les mati\u00e8res liquides et solides sont \u00e9vacu\u00e9es de mani\u00e8re s\u00fbre et efficace.<\/li>\n<li><strong>Pompage des d\u00e9chets liquides et solides<\/strong>: Nos services comprennent le pompage des d\u00e9chets liquides et solides, offrant des solutions compl\u00e8tes de gestion des d\u00e9chets pour diverses industries.<\/li>\n<li><strong>Transport de mati\u00e8res dangereuses<\/strong>: Nous sommes \u00e9quip\u00e9s pour transporter des mati\u00e8res dangereuses en toute s\u00e9curit\u00e9, en respectant tous les protocoles et r\u00e9glementations en mati\u00e8re de s\u00e9curit\u00e9.<\/li><\/ul>\n<\/div>\n<\/div>\n<\/div>\n<\/div>\t\t\t\t\t\t\t\t<\/div>\n\t\t\t\t<\/div>\n\t\t\t\t<div class=\"elementor-element elementor-element-dd150e2 elementor-widget elementor-widget-heading\" data-id=\"dd150e2\" data-element_type=\"widget\" data-e-type=\"widget\" data-widget_type=\"heading.default\">\n\t\t\t\t<div class=\"elementor-widget-container\">\n\t\t\t\t\t<h4 class=\"elementor-heading-title elementor-size-default\">Certains de nos projets<\/h4>\t\t\t\t<\/div>\n\t\t\t\t<\/div>\n\t\t\t\t\t<\/div>\n\t\t<\/div>\n\t\t\t\t\t<\/div>\n\t\t<\/section>\n\t\t\t\t<section class=\"elementor-section elementor-top-section elementor-element elementor-element-6c3c0d2 elementor-section-boxed elementor-section-height-default elementor-section-height-default\" data-id=\"6c3c0d2\" data-element_type=\"section\" data-e-type=\"section\">\n\t\t\t\t\t\t<div class=\"elementor-container elementor-column-gap-default\">\n\t\t\t\t\t<div class=\"elementor-column elementor-col-100 elementor-top-column elementor-element elementor-element-e0e6cc4\" data-id=\"e0e6cc4\" data-element_type=\"column\" data-e-type=\"column\">\n\t\t\t<div class=\"elementor-widget-wrap elementor-element-populated\">\n\t\t\t\t\t\t<div class=\"elementor-element elementor-element-caacf88 elementor-widget elementor-widget-text-editor\" data-id=\"caacf88\" data-element_type=\"widget\" data-e-type=\"widget\" data-widget_type=\"text-editor.default\">\n\t\t\t\t<div class=\"elementor-widget-container\">\n\t\t\t\t\t\t\t\t\t<div class=\"n2_ss_slider_publish__option_code\" dir=\"ltr\" data-mode=\"id\"><\/div><p style=\"text-align: center;\"><a href=\"https:\/\/groupericci.com\/fr\/contacts\/\"><strong><a href=\"https:\/\/groupericci.com\/fr\/contacts\/\">Demander une Soumission<\/a><\/strong><\/a><\/p>\t\t\t\t\t\t\t\t<\/div>\n\t\t\t\t<\/div>\n\t\t\t\t\t<\/div>\n\t\t<\/div>\n\t\t\t\t\t<\/div>\n\t\t<\/section>\n\t\t\t\t<\/div>","protected":false},"excerpt":{"rendered":"<p>Vacuum Truck Pumping Groupe Ricci offers specialized services in vacuum truck pumping, catering to both residential and industrial sectors. With a dedicated pumping department, we are equipped to handle a wide range of needs, providing reliable and efficient solutions around the clock. Our professional technicians are available 24\/7 to respond to emergencies and ensure that &hellip;<\/p>","protected":false},"author":1,"featured_media":0,"parent":0,"menu_order":0,"comment_status":"closed","ping_status":"closed","template":"","meta":{"footnotes":""},"class_list":["post-5718","page","type-page","status-publish","hentry","no-thumb"],"yoast_head":"<!-- This site is optimized with the Yoast SEO Premium plugin v20.6 (Yoast SEO v27.5) - https:\/\/yoast.com\/product\/yoast-seo-premium-wordpress\/ -->\n<title>Vacuum Truck Pumping - Le Groupe Ricci<\/title>\n<meta name=\"description\" content=\"Expert vacuum truck pumping by Groupe Ricci. 24\/7 services for industrial waste, sewage, flood emergencies, and more. Reliable, efficient solutions in Montreal.\" \/>\n<meta name=\"robots\" content=\"index, follow, max-snippet:-1, max-image-preview:large, max-video-preview:-1\" \/>\n<link rel=\"canonical\" href=\"https:\/\/groupericci.com\/fr\/pompage-au-camion-citerne\/\" \/>\n<meta property=\"og:locale\" content=\"fr_CA\" \/>\n<meta property=\"og:type\" content=\"article\" \/>\n<meta property=\"og:title\" content=\"Vacuum Truck Pumping\" \/>\n<meta property=\"og:description\" content=\"Expert vacuum truck pumping by Groupe Ricci. 24\/7 services for industrial waste, sewage, flood emergencies, and more. Reliable, efficient solutions in Montreal.\" \/>\n<meta property=\"og:url\" content=\"https:\/\/groupericci.com\/fr\/pompage-au-camion-citerne\/\" \/>\n<meta property=\"og:site_name\" content=\"Le Groupe Ricci\" \/>\n<meta property=\"article:publisher\" content=\"https:\/\/www.facebook.com\/profile.php?id=100086190623934\" \/>\n<meta property=\"article:modified_time\" content=\"2025-04-17T17:49:22+00:00\" \/>\n<meta property=\"og:image\" content=\"https:\/\/groupericci.com\/wp-content\/uploads\/2016\/10\/IMG_7322.jpeg\" \/>\n\t<meta property=\"og:image:width\" content=\"2048\" \/>\n\t<meta property=\"og:image:height\" content=\"1536\" \/>\n\t<meta property=\"og:image:type\" content=\"image\/jpeg\" \/>\n<meta name=\"twitter:card\" content=\"summary_large_image\" \/>\n<meta name=\"twitter:label1\" content=\"Estimation du temps de lecture\" \/>\n\t<meta name=\"twitter:data1\" content=\"2 minutes\" \/>\n<script type=\"application\/ld+json\" class=\"yoast-schema-graph\">{\"@context\":\"https:\\\/\\\/schema.org\",\"@graph\":[{\"@type\":\"WebPage\",\"@id\":\"https:\\\/\\\/groupericci.com\\\/vacuum-truck-pumping\\\/\",\"url\":\"https:\\\/\\\/groupericci.com\\\/vacuum-truck-pumping\\\/\",\"name\":\"Vacuum Truck Pumping - Le Groupe Ricci\",\"isPartOf\":{\"@id\":\"https:\\\/\\\/groupericci.com\\\/#website\"},\"primaryImageOfPage\":{\"@id\":\"https:\\\/\\\/groupericci.com\\\/vacuum-truck-pumping\\\/#primaryimage\"},\"image\":{\"@id\":\"https:\\\/\\\/groupericci.com\\\/vacuum-truck-pumping\\\/#primaryimage\"},\"thumbnailUrl\":\"https:\\\/\\\/groupericci.com\\\/wp-content\\\/uploads\\\/2016\\\/10\\\/IMG_7322-1280x506.jpeg\",\"datePublished\":\"2022-04-08T22:24:36+00:00\",\"dateModified\":\"2025-04-17T17:49:22+00:00\",\"description\":\"Expert vacuum truck pumping by Groupe Ricci. 24\\\/7 services for industrial waste, sewage, flood emergencies, and more. Reliable, efficient solutions in Montreal.\",\"breadcrumb\":{\"@id\":\"https:\\\/\\\/groupericci.com\\\/vacuum-truck-pumping\\\/#breadcrumb\"},\"inLanguage\":\"fr-CA\",\"potentialAction\":[{\"@type\":\"ReadAction\",\"target\":[\"https:\\\/\\\/groupericci.com\\\/vacuum-truck-pumping\\\/\"]}]},{\"@type\":\"ImageObject\",\"inLanguage\":\"fr-CA\",\"@id\":\"https:\\\/\\\/groupericci.com\\\/vacuum-truck-pumping\\\/#primaryimage\",\"url\":\"https:\\\/\\\/groupericci.com\\\/wp-content\\\/uploads\\\/2016\\\/10\\\/IMG_7322-1280x506.jpeg\",\"contentUrl\":\"https:\\\/\\\/groupericci.com\\\/wp-content\\\/uploads\\\/2016\\\/10\\\/IMG_7322-1280x506.jpeg\"},{\"@type\":\"BreadcrumbList\",\"@id\":\"https:\\\/\\\/groupericci.com\\\/vacuum-truck-pumping\\\/#breadcrumb\",\"itemListElement\":[{\"@type\":\"ListItem\",\"position\":1,\"name\":\"Home\",\"item\":\"https:\\\/\\\/groupericci.com\\\/\"},{\"@type\":\"ListItem\",\"position\":2,\"name\":\"Vacuum Truck Pumping\"}]},{\"@type\":\"WebSite\",\"@id\":\"https:\\\/\\\/groupericci.com\\\/#website\",\"url\":\"https:\\\/\\\/groupericci.com\\\/\",\"name\":\"groupericci.com\",\"description\":\"SP\u00c9CIALISTE EN SABLAGE au Jet, Nettoyage apr\u00e8s sinistre et plus.\",\"publisher\":{\"@id\":\"https:\\\/\\\/groupericci.com\\\/#organization\"},\"alternateName\":\"Le Groupe Ricci\",\"potentialAction\":[{\"@type\":\"SearchAction\",\"target\":{\"@type\":\"EntryPoint\",\"urlTemplate\":\"https:\\\/\\\/groupericci.com\\\/?s={search_term_string}\"},\"query-input\":{\"@type\":\"PropertyValueSpecification\",\"valueRequired\":true,\"valueName\":\"search_term_string\"}}],\"inLanguage\":\"fr-CA\"},{\"@type\":\"Organization\",\"@id\":\"https:\\\/\\\/groupericci.com\\\/#organization\",\"name\":\"Le Groupe Ricci\",\"alternateName\":\"Group Ricci\",\"url\":\"https:\\\/\\\/groupericci.com\\\/\",\"logo\":{\"@type\":\"ImageObject\",\"inLanguage\":\"fr-CA\",\"@id\":\"https:\\\/\\\/groupericci.com\\\/#\\\/schema\\\/logo\\\/image\\\/\",\"url\":\"https:\\\/\\\/groupericci.com\\\/wp-content\\\/uploads\\\/2020\\\/06\\\/Untitled-1.png\",\"contentUrl\":\"https:\\\/\\\/groupericci.com\\\/wp-content\\\/uploads\\\/2020\\\/06\\\/Untitled-1.png\",\"width\":563,\"height\":263,\"caption\":\"Le Groupe Ricci\"},\"image\":{\"@id\":\"https:\\\/\\\/groupericci.com\\\/#\\\/schema\\\/logo\\\/image\\\/\"},\"sameAs\":[\"https:\\\/\\\/www.facebook.com\\\/profile.php?id=100086190623934\"]}]}<\/script>\n<!-- \/ Yoast SEO Premium plugin. -->","yoast_head_json":{"title":"Vacuum Truck Pumping - Le Groupe Ricci","description":"Expert vacuum truck pumping by Groupe Ricci. 24\/7 services for industrial waste, sewage, flood emergencies, and more. Reliable, efficient solutions in Montreal.","robots":{"index":"index","follow":"follow","max-snippet":"max-snippet:-1","max-image-preview":"max-image-preview:large","max-video-preview":"max-video-preview:-1"},"canonical":"https:\/\/groupericci.com\/fr\/pompage-au-camion-citerne\/","og_locale":"fr_CA","og_type":"article","og_title":"Vacuum Truck Pumping","og_description":"Expert vacuum truck pumping by Groupe Ricci. 24\/7 services for industrial waste, sewage, flood emergencies, and more. Reliable, efficient solutions in Montreal.","og_url":"https:\/\/groupericci.com\/fr\/pompage-au-camion-citerne\/","og_site_name":"Le Groupe Ricci","article_publisher":"https:\/\/www.facebook.com\/profile.php?id=100086190623934","article_modified_time":"2025-04-17T17:49:22+00:00","og_image":[{"width":2048,"height":1536,"url":"https:\/\/groupericci.com\/wp-content\/uploads\/2016\/10\/IMG_7322.jpeg","type":"image\/jpeg"}],"twitter_card":"summary_large_image","twitter_misc":{"Estimation du temps de lecture":"2 minutes"},"schema":{"@context":"https:\/\/schema.org","@graph":[{"@type":"WebPage","@id":"https:\/\/groupericci.com\/vacuum-truck-pumping\/","url":"https:\/\/groupericci.com\/vacuum-truck-pumping\/","name":"Vacuum Truck Pumping - Le Groupe Ricci","isPartOf":{"@id":"https:\/\/groupericci.com\/#website"},"primaryImageOfPage":{"@id":"https:\/\/groupericci.com\/vacuum-truck-pumping\/#primaryimage"},"image":{"@id":"https:\/\/groupericci.com\/vacuum-truck-pumping\/#primaryimage"},"thumbnailUrl":"https:\/\/groupericci.com\/wp-content\/uploads\/2016\/10\/IMG_7322-1280x506.jpeg","datePublished":"2022-04-08T22:24:36+00:00","dateModified":"2025-04-17T17:49:22+00:00","description":"Expert vacuum truck pumping by Groupe Ricci. 24\/7 services for industrial waste, sewage, flood emergencies, and more. Reliable, efficient solutions in Montreal.","breadcrumb":{"@id":"https:\/\/groupericci.com\/vacuum-truck-pumping\/#breadcrumb"},"inLanguage":"fr-CA","potentialAction":[{"@type":"ReadAction","target":["https:\/\/groupericci.com\/vacuum-truck-pumping\/"]}]},{"@type":"ImageObject","inLanguage":"fr-CA","@id":"https:\/\/groupericci.com\/vacuum-truck-pumping\/#primaryimage","url":"https:\/\/groupericci.com\/wp-content\/uploads\/2016\/10\/IMG_7322-1280x506.jpeg","contentUrl":"https:\/\/groupericci.com\/wp-content\/uploads\/2016\/10\/IMG_7322-1280x506.jpeg"},{"@type":"BreadcrumbList","@id":"https:\/\/groupericci.com\/vacuum-truck-pumping\/#breadcrumb","itemListElement":[{"@type":"ListItem","position":1,"name":"Home","item":"https:\/\/groupericci.com\/"},{"@type":"ListItem","position":2,"name":"Vacuum Truck Pumping"}]},{"@type":"WebSite","@id":"https:\/\/groupericci.com\/#website","url":"https:\/\/groupericci.com\/","name":"groupericci.com","description":"SP\u00c9CIALISTE EN SABLAGE au Jet, Nettoyage apr\u00e8s sinistre et plus.","publisher":{"@id":"https:\/\/groupericci.com\/#organization"},"alternateName":"Le Groupe Ricci","potentialAction":[{"@type":"SearchAction","target":{"@type":"EntryPoint","urlTemplate":"https:\/\/groupericci.com\/?s={search_term_string}"},"query-input":{"@type":"PropertyValueSpecification","valueRequired":true,"valueName":"search_term_string"}}],"inLanguage":"fr-CA"},{"@type":"Organization","@id":"https:\/\/groupericci.com\/#organization","name":"Le Groupe Ricci","alternateName":"Group Ricci","url":"https:\/\/groupericci.com\/","logo":{"@type":"ImageObject","inLanguage":"fr-CA","@id":"https:\/\/groupericci.com\/#\/schema\/logo\/image\/","url":"https:\/\/groupericci.com\/wp-content\/uploads\/2020\/06\/Untitled-1.png","contentUrl":"https:\/\/groupericci.com\/wp-content\/uploads\/2020\/06\/Untitled-1.png","width":563,"height":263,"caption":"Le Groupe Ricci"},"image":{"@id":"https:\/\/groupericci.com\/#\/schema\/logo\/image\/"},"sameAs":["https:\/\/www.facebook.com\/profile.php?id=100086190623934"]}]}},"_links":{"self":[{"href":"https:\/\/groupericci.com\/fr\/wp-json\/wp\/v2\/pages\/5718","targetHints":{"allow":["GET"]}}],"collection":[{"href":"https:\/\/groupericci.com\/fr\/wp-json\/wp\/v2\/pages"}],"about":[{"href":"https:\/\/groupericci.com\/fr\/wp-json\/wp\/v2\/types\/page"}],"author":[{"embeddable":true,"href":"https:\/\/groupericci.com\/fr\/wp-json\/wp\/v2\/users\/1"}],"replies":[{"embeddable":true,"href":"https:\/\/groupericci.com\/fr\/wp-json\/wp\/v2\/comments?post=5718"}],"version-history":[{"count":31,"href":"https:\/\/groupericci.com\/fr\/wp-json\/wp\/v2\/pages\/5718\/revisions"}],"predecessor-version":[{"id":7244,"href":"https:\/\/groupericci.com\/fr\/wp-json\/wp\/v2\/pages\/5718\/revisions\/7244"}],"wp:attachment":[{"href":"https:\/\/groupericci.com\/fr\/wp-json\/wp\/v2\/media?parent=5718"}],"curies":[{"name":"wp","href":"https:\/\/api.w.org\/{rel}","templated":true}]}}