{"id":6376,"date":"2022-07-04T18:35:45","date_gmt":"2022-07-04T22:35:45","guid":{"rendered":"https:\/\/groupericci.com\/?page_id=6376"},"modified":"2024-08-28T23:35:30","modified_gmt":"2024-08-29T03:35:30","slug":"paving-stone-cleaning","status":"publish","type":"page","link":"https:\/\/groupericci.com\/fr\/nettoyage-de-paves-unis\/","title":{"rendered":"Nettoyage de Pav\u00e9s Unis"},"content":{"rendered":"<div data-elementor-type=\"wp-page\" data-elementor-id=\"6376\" class=\"elementor elementor-6376\" data-elementor-post-type=\"page\">\n\t\t\t\t\t\t<section class=\"elementor-section elementor-top-section elementor-element elementor-element-55a26295 elementor-section-boxed elementor-section-height-default elementor-section-height-default\" data-id=\"55a26295\" data-element_type=\"section\" data-e-type=\"section\">\n\t\t\t\t\t\t<div class=\"elementor-container elementor-column-gap-default\">\n\t\t\t\t\t<div class=\"elementor-column elementor-col-100 elementor-top-column elementor-element elementor-element-2d50dfd\" data-id=\"2d50dfd\" data-element_type=\"column\" data-e-type=\"column\">\n\t\t\t<div class=\"elementor-widget-wrap elementor-element-populated\">\n\t\t\t\t\t\t<div class=\"elementor-element elementor-element-3c4e9e0a elementor-widget elementor-widget-heading\" data-id=\"3c4e9e0a\" data-element_type=\"widget\" data-e-type=\"widget\" data-widget_type=\"heading.default\">\n\t\t\t\t<div class=\"elementor-widget-container\">\n\t\t\t\t\t<h2 class=\"elementor-heading-title elementor-size-default\">Nettoyage des pav\u00e9s unis<\/h2>\t\t\t\t<\/div>\n\t\t\t\t<\/div>\n\t\t\t\t\t<\/div>\n\t\t<\/div>\n\t\t\t\t\t<\/div>\n\t\t<\/section>\n\t\t\t\t<section class=\"elementor-section elementor-top-section elementor-element elementor-element-4fa3639a elementor-section-boxed elementor-section-height-default elementor-section-height-default\" data-id=\"4fa3639a\" data-element_type=\"section\" data-e-type=\"section\">\n\t\t\t\t\t\t<div class=\"elementor-container elementor-column-gap-default\">\n\t\t\t\t\t<div class=\"elementor-column elementor-col-100 elementor-top-column elementor-element elementor-element-9eab10d\" data-id=\"9eab10d\" data-element_type=\"column\" data-e-type=\"column\">\n\t\t\t<div class=\"elementor-widget-wrap elementor-element-populated\">\n\t\t\t\t\t\t<div class=\"elementor-element elementor-element-6a8ee6e0 elementor-widget elementor-widget-image\" data-id=\"6a8ee6e0\" data-element_type=\"widget\" data-e-type=\"widget\" data-widget_type=\"image.default\">\n\t\t\t\t<div class=\"elementor-widget-container\">\n\t\t\t\t\t\t\t\t\t\t\t\t\t\t\t<img fetchpriority=\"high\" decoding=\"async\" width=\"1280\" height=\"506\" src=\"https:\/\/groupericci.com\/wp-content\/uploads\/2020\/06\/PSC1-1280x506.jpeg\" class=\"attachment-aichtwooh-thumb-l size-aichtwooh-thumb-l wp-image-5227\" alt=\"\" \/>\t\t\t\t\t\t\t\t\t\t\t\t\t\t\t<\/div>\n\t\t\t\t<\/div>\n\t\t\t\t<div class=\"elementor-element elementor-element-59d02a9f elementor-widget-divider--view-line elementor-widget elementor-widget-divider\" data-id=\"59d02a9f\" data-element_type=\"widget\" data-e-type=\"widget\" data-widget_type=\"divider.default\">\n\t\t\t\t<div class=\"elementor-widget-container\">\n\t\t\t\t\t\t\t<div class=\"elementor-divider\">\n\t\t\t<span class=\"elementor-divider-separator\">\n\t\t\t\t\t\t<\/span>\n\t\t<\/div>\n\t\t\t\t\t\t<\/div>\n\t\t\t\t<\/div>\n\t\t\t\t\t<\/div>\n\t\t<\/div>\n\t\t\t\t\t<\/div>\n\t\t<\/section>\n\t\t\t\t<section class=\"elementor-section elementor-top-section elementor-element elementor-element-7cf4ce3a elementor-section-boxed elementor-section-height-default elementor-section-height-default\" data-id=\"7cf4ce3a\" data-element_type=\"section\" data-e-type=\"section\">\n\t\t\t\t\t\t<div class=\"elementor-container elementor-column-gap-default\">\n\t\t\t\t\t<div class=\"elementor-column elementor-col-100 elementor-top-column elementor-element elementor-element-66fabb7f\" data-id=\"66fabb7f\" data-element_type=\"column\" data-e-type=\"column\">\n\t\t\t<div class=\"elementor-widget-wrap elementor-element-populated\">\n\t\t\t\t\t\t<div class=\"elementor-element elementor-element-7eae9946 elementor-widget elementor-widget-text-editor\" data-id=\"7eae9946\" data-element_type=\"widget\" data-e-type=\"widget\" data-widget_type=\"text-editor.default\">\n\t\t\t\t<div class=\"elementor-widget-container\">\n\t\t\t\t\t\t\t\t\t<p>Le Groupe Ricci se sp\u00e9cialise dans les services professionnels de nettoyage de pav\u00e9s, offrant des solutions compl\u00e8tes pour les entr\u00e9es, les all\u00e9es, les trottoirs, les am\u00e9nagements paysagers et les espaces de stationnement. Notre expertise en mati\u00e8re de nettoyage de pav\u00e9s garantit que chaque surface est m\u00e9ticuleusement restaur\u00e9e \u00e0 son \u00e9tat d'origine, sans aucun dommage. En utilisant des techniques avanc\u00e9es de sablage \u00e0 pression avec de l'eau chaude et froide, nous \u00e9liminons efficacement la salet\u00e9, la crasse et les autres contaminants de tous les types de pav\u00e9s autobloquants. Nos produits respectueux de l'environnement sont soigneusement s\u00e9lectionn\u00e9s pour garantir que vos surfaces sont non seulement propres, mais aussi sans danger pour l'environnement.<\/p><p>Nos services s'\u00e9tendent aux propri\u00e9t\u00e9s r\u00e9sidentielles, commerciales et industrielles. Nous assurons le nettoyage, l'entretien et la remise \u00e0 neuf des pav\u00e9s autobloquants. Qu'il s'agisse d'une petite all\u00e9e r\u00e9sidentielle ou d'un grand parking industriel, nous adaptons notre approche aux besoins sp\u00e9cifiques de chaque projet. Notre \u00e9quipe est hautement qualifi\u00e9e pour utiliser les \u00e9quipements et les techniques les plus r\u00e9cents afin d'obtenir des r\u00e9sultats exceptionnels, garantissant ainsi que vos pav\u00e9s seront comme neufs.<\/p><p>Au Groupe Ricci, nous comprenons l'importance de maintenir l'apparence et la durabilit\u00e9 de vos pav\u00e9s. Un nettoyage et un entretien r\u00e9guliers am\u00e9liorent non seulement l'attrait esth\u00e9tique de votre propri\u00e9t\u00e9, mais prolongent \u00e9galement la dur\u00e9e de vie de vos pav\u00e9s en pr\u00e9venant les dommages caus\u00e9s par l'accumulation de salet\u00e9, de mousse et d'autres substances. Notre engagement \u00e0 utiliser des produits respectueux de l'environnement signifie que vous pouvez \u00eatre s\u00fbr que nos services sont sans danger pour votre famille, vos animaux de compagnie et l'environnement.<\/p><p>Nous sommes fiers de fournir des services de nettoyage de pav\u00e9s de qualit\u00e9 sup\u00e9rieure qui d\u00e9passent les attentes de nos clients. Gr\u00e2ce \u00e0 son souci du d\u00e9tail et \u00e0 son d\u00e9vouement \u00e0 l'excellence, le Groupe Ricci est votre fournisseur privil\u00e9gi\u00e9 pour tous vos besoins en mati\u00e8re de nettoyage de pav\u00e9s autobloquants. Laissez-nous vous aider \u00e0 garder vos espaces ext\u00e9rieurs impeccables et bien entretenus, ce qui rehaussera la valeur globale et l'apparence de votre propri\u00e9t\u00e9.<\/p>\t\t\t\t\t\t\t\t<\/div>\n\t\t\t\t<\/div>\n\t\t\t\t<div class=\"elementor-element elementor-element-be746ea elementor-widget elementor-widget-heading\" data-id=\"be746ea\" data-element_type=\"widget\" data-e-type=\"widget\" data-widget_type=\"heading.default\">\n\t\t\t\t<div class=\"elementor-widget-container\">\n\t\t\t\t\t<h4 class=\"elementor-heading-title elementor-size-default\">Certains de nos projets<\/h4>\t\t\t\t<\/div>\n\t\t\t\t<\/div>\n\t\t\t\t\t<\/div>\n\t\t<\/div>\n\t\t\t\t\t<\/div>\n\t\t<\/section>\n\t\t\t\t<section class=\"elementor-section elementor-top-section elementor-element elementor-element-5964c65a elementor-section-boxed elementor-section-height-default elementor-section-height-default\" data-id=\"5964c65a\" data-element_type=\"section\" data-e-type=\"section\">\n\t\t\t\t\t\t<div class=\"elementor-container elementor-column-gap-default\">\n\t\t\t\t\t<div class=\"elementor-column elementor-col-100 elementor-top-column elementor-element elementor-element-687f555e\" data-id=\"687f555e\" data-element_type=\"column\" data-e-type=\"column\">\n\t\t\t<div class=\"elementor-widget-wrap elementor-element-populated\">\n\t\t\t\t\t\t<div class=\"elementor-element elementor-element-4c957c2e elementor-widget elementor-widget-text-editor\" data-id=\"4c957c2e\" data-element_type=\"widget\" data-e-type=\"widget\" data-widget_type=\"text-editor.default\">\n\t\t\t\t<div class=\"elementor-widget-container\">\n\t\t\t\t\t\t\t\t\t<div class=\"n2_ss_slider_publish__option_code\" dir=\"ltr\" data-mode=\"id\"><div class=\"n2_ss_slider_publish__option_code\" dir=\"ltr\" data-mode=\"id\"><div class=\"n2_ss_slider_publish__option_code\" dir=\"ltr\" data-mode=\"id\"><\/div><div dir=\"ltr\" data-mode=\"id\">\u00a0<\/div><div dir=\"ltr\" data-mode=\"id\">\u00a0<\/div><\/div><div dir=\"ltr\" data-mode=\"id\">\u00a0<\/div><\/div><p style=\"text-align: center;\"><a href=\"https:\/\/groupericci.com\/fr\/contacts\/\"><strong>Veuillez nous contacter pour plus d'informations<\/strong><\/a><\/p>\t\t\t\t\t\t\t\t<\/div>\n\t\t\t\t<\/div>\n\t\t\t\t\t<\/div>\n\t\t<\/div>\n\t\t\t\t\t<\/div>\n\t\t<\/section>\n\t\t\t\t<\/div>","protected":false},"excerpt":{"rendered":"<p>Paving Stone Cleaning Groupe Ricci specializes in professional paving stone cleaning services, offering comprehensive solutions for driveways, alleys, sidewalks, landscaping, and parking spaces. Our expertise in paving stone cleaning ensures that every surface is meticulously restored to its original condition without any damage. By utilizing advanced pressure blasting techniques with both hot and cold water, &hellip;<\/p>","protected":false},"author":1,"featured_media":0,"parent":0,"menu_order":0,"comment_status":"closed","ping_status":"closed","template":"","meta":{"footnotes":""},"class_list":["post-6376","page","type-page","status-publish","hentry","no-thumb"],"yoast_head":"<!-- This site is optimized with the Yoast SEO Premium plugin v20.6 (Yoast SEO v27.4) - https:\/\/yoast.com\/product\/yoast-seo-premium-wordpress\/ -->\n<title>Paving stone cleaning - Le Groupe Ricci<\/title>\n<meta name=\"description\" content=\"Professional paving stone cleaning by Groupe Ricci. Restore driveways, sidewalks, and more with eco-friendly, effective solutions for residential, commercial, and industrial spaces.\" \/>\n<meta name=\"robots\" content=\"index, follow, max-snippet:-1, max-image-preview:large, max-video-preview:-1\" \/>\n<link rel=\"canonical\" href=\"https:\/\/groupericci.com\/fr\/nettoyage-de-paves-unis\/\" \/>\n<meta property=\"og:locale\" content=\"fr_CA\" \/>\n<meta property=\"og:type\" content=\"article\" \/>\n<meta property=\"og:title\" content=\"Paving stone cleaning\" \/>\n<meta property=\"og:description\" content=\"Professional paving stone cleaning by Groupe Ricci. Restore driveways, sidewalks, and more with eco-friendly, effective solutions for residential, commercial, and industrial spaces.\" \/>\n<meta property=\"og:url\" content=\"https:\/\/groupericci.com\/fr\/nettoyage-de-paves-unis\/\" \/>\n<meta property=\"og:site_name\" content=\"Le Groupe Ricci\" \/>\n<meta property=\"article:publisher\" content=\"https:\/\/www.facebook.com\/profile.php?id=100086190623934\" \/>\n<meta property=\"article:modified_time\" content=\"2024-08-29T03:35:30+00:00\" \/>\n<meta property=\"og:image\" content=\"https:\/\/groupericci.com\/wp-content\/uploads\/2020\/06\/PSC1-1280x506.jpeg\" \/>\n<meta name=\"twitter:card\" content=\"summary_large_image\" \/>\n<meta name=\"twitter:label1\" content=\"Estimation du temps de lecture\" \/>\n\t<meta name=\"twitter:data1\" content=\"2 minutes\" \/>\n<script type=\"application\/ld+json\" class=\"yoast-schema-graph\">{\"@context\":\"https:\\\/\\\/schema.org\",\"@graph\":[{\"@type\":\"WebPage\",\"@id\":\"https:\\\/\\\/groupericci.com\\\/paving-stone-cleaning\\\/\",\"url\":\"https:\\\/\\\/groupericci.com\\\/paving-stone-cleaning\\\/\",\"name\":\"Paving stone cleaning - Le Groupe Ricci\",\"isPartOf\":{\"@id\":\"https:\\\/\\\/groupericci.com\\\/#website\"},\"primaryImageOfPage\":{\"@id\":\"https:\\\/\\\/groupericci.com\\\/paving-stone-cleaning\\\/#primaryimage\"},\"image\":{\"@id\":\"https:\\\/\\\/groupericci.com\\\/paving-stone-cleaning\\\/#primaryimage\"},\"thumbnailUrl\":\"https:\\\/\\\/groupericci.com\\\/wp-content\\\/uploads\\\/2020\\\/06\\\/PSC1-1280x506.jpeg\",\"datePublished\":\"2022-07-04T22:35:45+00:00\",\"dateModified\":\"2024-08-29T03:35:30+00:00\",\"description\":\"Professional paving stone cleaning by Groupe Ricci. Restore driveways, sidewalks, and more with eco-friendly, effective solutions for residential, commercial, and industrial spaces.\",\"breadcrumb\":{\"@id\":\"https:\\\/\\\/groupericci.com\\\/paving-stone-cleaning\\\/#breadcrumb\"},\"inLanguage\":\"fr-CA\",\"potentialAction\":[{\"@type\":\"ReadAction\",\"target\":[\"https:\\\/\\\/groupericci.com\\\/paving-stone-cleaning\\\/\"]}]},{\"@type\":\"ImageObject\",\"inLanguage\":\"fr-CA\",\"@id\":\"https:\\\/\\\/groupericci.com\\\/paving-stone-cleaning\\\/#primaryimage\",\"url\":\"https:\\\/\\\/groupericci.com\\\/wp-content\\\/uploads\\\/2020\\\/06\\\/PSC1-1280x506.jpeg\",\"contentUrl\":\"https:\\\/\\\/groupericci.com\\\/wp-content\\\/uploads\\\/2020\\\/06\\\/PSC1-1280x506.jpeg\"},{\"@type\":\"BreadcrumbList\",\"@id\":\"https:\\\/\\\/groupericci.com\\\/paving-stone-cleaning\\\/#breadcrumb\",\"itemListElement\":[{\"@type\":\"ListItem\",\"position\":1,\"name\":\"Home\",\"item\":\"https:\\\/\\\/groupericci.com\\\/\"},{\"@type\":\"ListItem\",\"position\":2,\"name\":\"Paving stone cleaning\"}]},{\"@type\":\"WebSite\",\"@id\":\"https:\\\/\\\/groupericci.com\\\/#website\",\"url\":\"https:\\\/\\\/groupericci.com\\\/\",\"name\":\"groupericci.com\",\"description\":\"SP\u00c9CIALISTE EN SABLAGE au Jet, Nettoyage apr\u00e8s sinistre et plus.\",\"publisher\":{\"@id\":\"https:\\\/\\\/groupericci.com\\\/#organization\"},\"alternateName\":\"Le Groupe Ricci\",\"potentialAction\":[{\"@type\":\"SearchAction\",\"target\":{\"@type\":\"EntryPoint\",\"urlTemplate\":\"https:\\\/\\\/groupericci.com\\\/?s={search_term_string}\"},\"query-input\":{\"@type\":\"PropertyValueSpecification\",\"valueRequired\":true,\"valueName\":\"search_term_string\"}}],\"inLanguage\":\"fr-CA\"},{\"@type\":\"Organization\",\"@id\":\"https:\\\/\\\/groupericci.com\\\/#organization\",\"name\":\"Le Groupe Ricci\",\"alternateName\":\"Group Ricci\",\"url\":\"https:\\\/\\\/groupericci.com\\\/\",\"logo\":{\"@type\":\"ImageObject\",\"inLanguage\":\"fr-CA\",\"@id\":\"https:\\\/\\\/groupericci.com\\\/#\\\/schema\\\/logo\\\/image\\\/\",\"url\":\"https:\\\/\\\/groupericci.com\\\/wp-content\\\/uploads\\\/2020\\\/06\\\/Untitled-1.png\",\"contentUrl\":\"https:\\\/\\\/groupericci.com\\\/wp-content\\\/uploads\\\/2020\\\/06\\\/Untitled-1.png\",\"width\":563,\"height\":263,\"caption\":\"Le Groupe Ricci\"},\"image\":{\"@id\":\"https:\\\/\\\/groupericci.com\\\/#\\\/schema\\\/logo\\\/image\\\/\"},\"sameAs\":[\"https:\\\/\\\/www.facebook.com\\\/profile.php?id=100086190623934\"]}]}<\/script>\n<!-- \/ Yoast SEO Premium plugin. -->","yoast_head_json":{"title":"Paving stone cleaning - Le Groupe Ricci","description":"Professional paving stone cleaning by Groupe Ricci. Restore driveways, sidewalks, and more with eco-friendly, effective solutions for residential, commercial, and industrial spaces.","robots":{"index":"index","follow":"follow","max-snippet":"max-snippet:-1","max-image-preview":"max-image-preview:large","max-video-preview":"max-video-preview:-1"},"canonical":"https:\/\/groupericci.com\/fr\/nettoyage-de-paves-unis\/","og_locale":"fr_CA","og_type":"article","og_title":"Paving stone cleaning","og_description":"Professional paving stone cleaning by Groupe Ricci. Restore driveways, sidewalks, and more with eco-friendly, effective solutions for residential, commercial, and industrial spaces.","og_url":"https:\/\/groupericci.com\/fr\/nettoyage-de-paves-unis\/","og_site_name":"Le Groupe Ricci","article_publisher":"https:\/\/www.facebook.com\/profile.php?id=100086190623934","article_modified_time":"2024-08-29T03:35:30+00:00","og_image":[{"url":"https:\/\/groupericci.com\/wp-content\/uploads\/2020\/06\/PSC1-1280x506.jpeg","type":"","width":"","height":""}],"twitter_card":"summary_large_image","twitter_misc":{"Estimation du temps de lecture":"2 minutes"},"schema":{"@context":"https:\/\/schema.org","@graph":[{"@type":"WebPage","@id":"https:\/\/groupericci.com\/paving-stone-cleaning\/","url":"https:\/\/groupericci.com\/paving-stone-cleaning\/","name":"Paving stone cleaning - Le Groupe Ricci","isPartOf":{"@id":"https:\/\/groupericci.com\/#website"},"primaryImageOfPage":{"@id":"https:\/\/groupericci.com\/paving-stone-cleaning\/#primaryimage"},"image":{"@id":"https:\/\/groupericci.com\/paving-stone-cleaning\/#primaryimage"},"thumbnailUrl":"https:\/\/groupericci.com\/wp-content\/uploads\/2020\/06\/PSC1-1280x506.jpeg","datePublished":"2022-07-04T22:35:45+00:00","dateModified":"2024-08-29T03:35:30+00:00","description":"Professional paving stone cleaning by Groupe Ricci. Restore driveways, sidewalks, and more with eco-friendly, effective solutions for residential, commercial, and industrial spaces.","breadcrumb":{"@id":"https:\/\/groupericci.com\/paving-stone-cleaning\/#breadcrumb"},"inLanguage":"fr-CA","potentialAction":[{"@type":"ReadAction","target":["https:\/\/groupericci.com\/paving-stone-cleaning\/"]}]},{"@type":"ImageObject","inLanguage":"fr-CA","@id":"https:\/\/groupericci.com\/paving-stone-cleaning\/#primaryimage","url":"https:\/\/groupericci.com\/wp-content\/uploads\/2020\/06\/PSC1-1280x506.jpeg","contentUrl":"https:\/\/groupericci.com\/wp-content\/uploads\/2020\/06\/PSC1-1280x506.jpeg"},{"@type":"BreadcrumbList","@id":"https:\/\/groupericci.com\/paving-stone-cleaning\/#breadcrumb","itemListElement":[{"@type":"ListItem","position":1,"name":"Home","item":"https:\/\/groupericci.com\/"},{"@type":"ListItem","position":2,"name":"Paving stone cleaning"}]},{"@type":"WebSite","@id":"https:\/\/groupericci.com\/#website","url":"https:\/\/groupericci.com\/","name":"groupericci.com","description":"SP\u00c9CIALISTE EN SABLAGE au Jet, Nettoyage apr\u00e8s sinistre et plus.","publisher":{"@id":"https:\/\/groupericci.com\/#organization"},"alternateName":"Le Groupe Ricci","potentialAction":[{"@type":"SearchAction","target":{"@type":"EntryPoint","urlTemplate":"https:\/\/groupericci.com\/?s={search_term_string}"},"query-input":{"@type":"PropertyValueSpecification","valueRequired":true,"valueName":"search_term_string"}}],"inLanguage":"fr-CA"},{"@type":"Organization","@id":"https:\/\/groupericci.com\/#organization","name":"Le Groupe Ricci","alternateName":"Group Ricci","url":"https:\/\/groupericci.com\/","logo":{"@type":"ImageObject","inLanguage":"fr-CA","@id":"https:\/\/groupericci.com\/#\/schema\/logo\/image\/","url":"https:\/\/groupericci.com\/wp-content\/uploads\/2020\/06\/Untitled-1.png","contentUrl":"https:\/\/groupericci.com\/wp-content\/uploads\/2020\/06\/Untitled-1.png","width":563,"height":263,"caption":"Le Groupe Ricci"},"image":{"@id":"https:\/\/groupericci.com\/#\/schema\/logo\/image\/"},"sameAs":["https:\/\/www.facebook.com\/profile.php?id=100086190623934"]}]}},"_links":{"self":[{"href":"https:\/\/groupericci.com\/fr\/wp-json\/wp\/v2\/pages\/6376","targetHints":{"allow":["GET"]}}],"collection":[{"href":"https:\/\/groupericci.com\/fr\/wp-json\/wp\/v2\/pages"}],"about":[{"href":"https:\/\/groupericci.com\/fr\/wp-json\/wp\/v2\/types\/page"}],"author":[{"embeddable":true,"href":"https:\/\/groupericci.com\/fr\/wp-json\/wp\/v2\/users\/1"}],"replies":[{"embeddable":true,"href":"https:\/\/groupericci.com\/fr\/wp-json\/wp\/v2\/comments?post=6376"}],"version-history":[{"count":11,"href":"https:\/\/groupericci.com\/fr\/wp-json\/wp\/v2\/pages\/6376\/revisions"}],"predecessor-version":[{"id":6746,"href":"https:\/\/groupericci.com\/fr\/wp-json\/wp\/v2\/pages\/6376\/revisions\/6746"}],"wp:attachment":[{"href":"https:\/\/groupericci.com\/fr\/wp-json\/wp\/v2\/media?parent=6376"}],"curies":[{"name":"wp","href":"https:\/\/api.w.org\/{rel}","templated":true}]}}