{"id":6389,"date":"2022-07-05T11:59:51","date_gmt":"2022-07-05T15:59:51","guid":{"rendered":"https:\/\/groupericci.com\/?page_id=6389"},"modified":"2025-04-17T13:53:19","modified_gmt":"2025-04-17T17:53:19","slug":"industrial-cleaning","status":"publish","type":"page","link":"https:\/\/groupericci.com\/fr\/nettoyage-industriel\/","title":{"rendered":"Nettoyage Industriel"},"content":{"rendered":"<div data-elementor-type=\"wp-page\" data-elementor-id=\"6389\" class=\"elementor elementor-6389\" data-elementor-post-type=\"page\">\n\t\t\t\t\t\t<section class=\"elementor-section elementor-top-section elementor-element elementor-element-47106a79 elementor-section-boxed elementor-section-height-default elementor-section-height-default\" data-id=\"47106a79\" data-element_type=\"section\" data-e-type=\"section\">\n\t\t\t\t\t\t<div class=\"elementor-container elementor-column-gap-default\">\n\t\t\t\t\t<div class=\"elementor-column elementor-col-100 elementor-top-column elementor-element elementor-element-1970c46f\" data-id=\"1970c46f\" data-element_type=\"column\" data-e-type=\"column\">\n\t\t\t<div class=\"elementor-widget-wrap elementor-element-populated\">\n\t\t\t\t\t\t<div class=\"elementor-element elementor-element-2fb03749 elementor-widget elementor-widget-heading\" data-id=\"2fb03749\" data-element_type=\"widget\" data-e-type=\"widget\" data-widget_type=\"heading.default\">\n\t\t\t\t<div class=\"elementor-widget-container\">\n\t\t\t\t\t<h2 class=\"elementor-heading-title elementor-size-default\">Nettoyage Industriel<\/h2>\t\t\t\t<\/div>\n\t\t\t\t<\/div>\n\t\t\t\t\t<\/div>\n\t\t<\/div>\n\t\t\t\t\t<\/div>\n\t\t<\/section>\n\t\t\t\t<section class=\"elementor-section elementor-top-section elementor-element elementor-element-4212fee7 elementor-section-boxed elementor-section-height-default elementor-section-height-default\" data-id=\"4212fee7\" data-element_type=\"section\" data-e-type=\"section\">\n\t\t\t\t\t\t<div class=\"elementor-container elementor-column-gap-default\">\n\t\t\t\t\t<div class=\"elementor-column elementor-col-100 elementor-top-column elementor-element elementor-element-44f070a4\" data-id=\"44f070a4\" data-element_type=\"column\" data-e-type=\"column\">\n\t\t\t<div class=\"elementor-widget-wrap elementor-element-populated\">\n\t\t\t\t\t\t<div class=\"elementor-element elementor-element-6de89997 elementor-widget elementor-widget-text-editor\" data-id=\"6de89997\" data-element_type=\"widget\" data-e-type=\"widget\" data-widget_type=\"text-editor.default\">\n\t\t\t\t<div class=\"elementor-widget-container\">\n\t\t\t\t\t\t\t\t\t<p>Nos services sp\u00e9cialis\u00e9s dans le nettoyage industriel comprennent<\/p><ul><li><strong>Sablage au jet<\/strong>: Id\u00e9al pour \u00e9liminer la peinture, la rouille et d'autres contaminants de surface sur une vari\u00e9t\u00e9 de mat\u00e9riaux, garantissant une finition lisse et propre.<\/li><li><strong>Nettoyage Glace S\u00e8che<\/strong>: M\u00e9thode de nettoyage non abrasive qui utilise des granul\u00e9s de dioxyde de carbone solide pour \u00e9liminer la salet\u00e9, la graisse et d'autres r\u00e9sidus sans endommager les surfaces sous-jacentes.<\/li><li><strong>Nettoyage \u00e0 basse et haute pression<\/strong>: Adapt\u00e9e aux diff\u00e9rentes surfaces et niveaux de contamination, cette m\u00e9thode permet d'\u00e9liminer efficacement la salet\u00e9 tenace des \u00e9quipements et structures industriels.<\/li><li><strong>Polissage humide Nettoyage sous pression (haute et basse temp\u00e9rature)<\/strong>: Ce proc\u00e9d\u00e9 est utilis\u00e9 pour obtenir une finition polie des surfaces tout en \u00e9liminant les contaminants. Il convient aux environnements \u00e0 haute et basse temp\u00e9rature.<\/li><li><strong>Proc\u00e9d\u00e9s de nettoyage chimique<\/strong>: Nous utilisons des solutions chimiques sp\u00e9cialis\u00e9es pour d\u00e9composer et \u00e9liminer les contaminants qui sont difficiles \u00e0 \u00e9liminer par des moyens m\u00e9caniques, garantissant ainsi un assainissement complet.<\/li><li><strong>\u00c9limination des r\u00e9sidus de poussi\u00e8re, de la corrosion, de la rouille, des pellicules d'huile et des d\u00e9p\u00f4ts graisseux<\/strong>: Notre \u00e9quipe est comp\u00e9tente pour \u00e9liminer les diff\u00e9rentes formes d'accumulation qui peuvent compromettre la fonctionnalit\u00e9 et la s\u00e9curit\u00e9 de votre \u00e9quipement et de vos espaces.<\/li><li><strong>D\u00e9capage chimique de l'acier inoxydable<\/strong>: Ce service consiste \u00e0 traiter les surfaces en acier inoxydable pour \u00e9liminer les impuret\u00e9s et leur redonner leur \u00e9clat d'origine, afin de pr\u00e9venir la corrosion et d'am\u00e9liorer la durabilit\u00e9.<\/li><li><strong>D\u00e9graissage des machines<\/strong>: Essentiels pour maintenir l'efficacit\u00e9 et la long\u00e9vit\u00e9 de vos machines, nos services de d\u00e9graissage \u00e9liminent toute trace d'huile, de graisse et d'autres lubrifiants susceptibles d'entraver les performances.<\/li><li><strong>Nettoyage des conduits et des r\u00e9seaux de canalisations<\/strong>: Ce service permet d'am\u00e9liorer la qualit\u00e9 de l'air et l'efficacit\u00e9 du syst\u00e8me en veillant \u00e0 ce que les conduits et les canalisations ne soient pas obstru\u00e9s et ne contiennent pas de contaminants.<\/li><\/ul><p>Le Groupe Ricci s'engage \u00e0 fournir des services de nettoyage industriel de premier ordre, afin de vous aider \u00e0 maintenir un environnement industriel propre, s\u00fbr et efficace.<\/p>\t\t\t\t\t\t\t\t<\/div>\n\t\t\t\t<\/div>\n\t\t\t\t<div class=\"elementor-element elementor-element-4a619805 elementor-widget elementor-widget-heading\" data-id=\"4a619805\" data-element_type=\"widget\" data-e-type=\"widget\" data-widget_type=\"heading.default\">\n\t\t\t\t<div class=\"elementor-widget-container\">\n\t\t\t\t\t<h4 class=\"elementor-heading-title elementor-size-default\">Certains de nos projets<\/h4>\t\t\t\t<\/div>\n\t\t\t\t<\/div>\n\t\t\t\t\t<\/div>\n\t\t<\/div>\n\t\t\t\t\t<\/div>\n\t\t<\/section>\n\t\t\t\t<section class=\"elementor-section elementor-top-section elementor-element elementor-element-264f5f19 elementor-section-boxed elementor-section-height-default elementor-section-height-default\" data-id=\"264f5f19\" data-element_type=\"section\" data-e-type=\"section\">\n\t\t\t\t\t\t<div class=\"elementor-container elementor-column-gap-default\">\n\t\t\t\t\t<div class=\"elementor-column elementor-col-100 elementor-top-column elementor-element elementor-element-32681708\" data-id=\"32681708\" data-element_type=\"column\" data-e-type=\"column\">\n\t\t\t<div class=\"elementor-widget-wrap elementor-element-populated\">\n\t\t\t\t\t\t<div class=\"elementor-element elementor-element-7821e467 elementor-widget elementor-widget-text-editor\" data-id=\"7821e467\" data-element_type=\"widget\" data-e-type=\"widget\" data-widget_type=\"text-editor.default\">\n\t\t\t\t<div class=\"elementor-widget-container\">\n\t\t\t\t\t\t\t\t\t<div class=\"n2_ss_slider_publish__option_code\" dir=\"ltr\" data-mode=\"id\"><div class=\"n2_ss_slider_publish__option_code\" dir=\"ltr\" data-mode=\"id\"><div class=\"n2_ss_slider_publish__option_code\" dir=\"ltr\" data-mode=\"id\"><\/div><div dir=\"ltr\" data-mode=\"id\">\u00a0<\/div><div dir=\"ltr\" data-mode=\"id\"><div class=\"n2_ss_slider_publish__option_code\" dir=\"ltr\" data-mode=\"id\">\u00a0<\/div><\/div><\/div><div dir=\"ltr\" data-mode=\"id\"><p>\u00a0<\/p><\/div><\/div><p style=\"text-align: center;\"><a href=\"https:\/\/groupericci.com\/fr\/contacts\/\"><strong>Veuillez nous contacter pour plus d'informations<\/strong><\/a><\/p>\t\t\t\t\t\t\t\t<\/div>\n\t\t\t\t<\/div>\n\t\t\t\t\t<\/div>\n\t\t<\/div>\n\t\t\t\t\t<\/div>\n\t\t<\/section>\n\t\t\t\t<\/div>","protected":false},"excerpt":{"rendered":"<p>Industrial Cleaning Our specialized services in industrial cleaning include: Sandblast Cleaning: Ideal for removing paint, rust, and other surface contaminants from a variety of materials, ensuring a smooth and clean finish. Dry Ice Cleaning: A non-abrasive cleaning method that uses solid carbon dioxide pellets to remove dirt, grease, and other residues without damaging the underlying &hellip;<\/p>","protected":false},"author":1,"featured_media":5298,"parent":0,"menu_order":0,"comment_status":"closed","ping_status":"closed","template":"","meta":{"footnotes":""},"class_list":["post-6389","page","type-page","status-publish","has-post-thumbnail","hentry","has-thumb"],"yoast_head":"<!-- This site is optimized with the Yoast SEO Premium plugin v20.6 (Yoast SEO v27.4) - https:\/\/yoast.com\/product\/yoast-seo-premium-wordpress\/ -->\n<title>Industrial Cleaning - Le Groupe Ricci<\/title>\n<meta name=\"description\" content=\"Expert industrial cleaning by Groupe Ricci. Specialized in restoring, sanitizing, and decontaminating industrial spaces and equipment for optimal efficiency.\" \/>\n<meta name=\"robots\" content=\"index, follow, max-snippet:-1, max-image-preview:large, max-video-preview:-1\" \/>\n<link rel=\"canonical\" href=\"https:\/\/groupericci.com\/fr\/nettoyage-industriel\/\" \/>\n<meta property=\"og:locale\" content=\"fr_CA\" \/>\n<meta property=\"og:type\" content=\"article\" \/>\n<meta property=\"og:title\" content=\"Industrial Cleaning\" \/>\n<meta property=\"og:description\" content=\"Expert industrial cleaning by Groupe Ricci. Specialized in restoring, sanitizing, and decontaminating industrial spaces and equipment for optimal efficiency.\" \/>\n<meta property=\"og:url\" content=\"https:\/\/groupericci.com\/fr\/nettoyage-industriel\/\" \/>\n<meta property=\"og:site_name\" content=\"Le Groupe Ricci\" \/>\n<meta property=\"article:publisher\" content=\"https:\/\/www.facebook.com\/profile.php?id=100086190623934\" \/>\n<meta property=\"article:modified_time\" content=\"2025-04-17T17:53:19+00:00\" \/>\n<meta property=\"og:image\" content=\"https:\/\/groupericci.com\/wp-content\/uploads\/2020\/06\/IC2.jpg\" \/>\n\t<meta property=\"og:image:width\" content=\"900\" \/>\n\t<meta property=\"og:image:height\" content=\"675\" \/>\n\t<meta property=\"og:image:type\" content=\"image\/jpeg\" \/>\n<meta name=\"twitter:card\" content=\"summary_large_image\" \/>\n<meta name=\"twitter:label1\" content=\"Estimation du temps de lecture\" \/>\n\t<meta name=\"twitter:data1\" content=\"2 minutes\" \/>\n<script type=\"application\/ld+json\" class=\"yoast-schema-graph\">{\"@context\":\"https:\\\/\\\/schema.org\",\"@graph\":[{\"@type\":\"WebPage\",\"@id\":\"https:\\\/\\\/groupericci.com\\\/industrial-cleaning\\\/\",\"url\":\"https:\\\/\\\/groupericci.com\\\/industrial-cleaning\\\/\",\"name\":\"Industrial Cleaning - Le Groupe Ricci\",\"isPartOf\":{\"@id\":\"https:\\\/\\\/groupericci.com\\\/#website\"},\"primaryImageOfPage\":{\"@id\":\"https:\\\/\\\/groupericci.com\\\/industrial-cleaning\\\/#primaryimage\"},\"image\":{\"@id\":\"https:\\\/\\\/groupericci.com\\\/industrial-cleaning\\\/#primaryimage\"},\"thumbnailUrl\":\"https:\\\/\\\/groupericci.com\\\/wp-content\\\/uploads\\\/2020\\\/06\\\/IC2.jpg\",\"datePublished\":\"2022-07-05T15:59:51+00:00\",\"dateModified\":\"2025-04-17T17:53:19+00:00\",\"description\":\"Expert industrial cleaning by Groupe Ricci. Specialized in restoring, sanitizing, and decontaminating industrial spaces and equipment for optimal efficiency.\",\"breadcrumb\":{\"@id\":\"https:\\\/\\\/groupericci.com\\\/industrial-cleaning\\\/#breadcrumb\"},\"inLanguage\":\"fr-CA\",\"potentialAction\":[{\"@type\":\"ReadAction\",\"target\":[\"https:\\\/\\\/groupericci.com\\\/industrial-cleaning\\\/\"]}]},{\"@type\":\"ImageObject\",\"inLanguage\":\"fr-CA\",\"@id\":\"https:\\\/\\\/groupericci.com\\\/industrial-cleaning\\\/#primaryimage\",\"url\":\"https:\\\/\\\/groupericci.com\\\/wp-content\\\/uploads\\\/2020\\\/06\\\/IC2.jpg\",\"contentUrl\":\"https:\\\/\\\/groupericci.com\\\/wp-content\\\/uploads\\\/2020\\\/06\\\/IC2.jpg\",\"width\":900,\"height\":675},{\"@type\":\"BreadcrumbList\",\"@id\":\"https:\\\/\\\/groupericci.com\\\/industrial-cleaning\\\/#breadcrumb\",\"itemListElement\":[{\"@type\":\"ListItem\",\"position\":1,\"name\":\"Home\",\"item\":\"https:\\\/\\\/groupericci.com\\\/\"},{\"@type\":\"ListItem\",\"position\":2,\"name\":\"Industrial Cleaning\"}]},{\"@type\":\"WebSite\",\"@id\":\"https:\\\/\\\/groupericci.com\\\/#website\",\"url\":\"https:\\\/\\\/groupericci.com\\\/\",\"name\":\"groupericci.com\",\"description\":\"SP\u00c9CIALISTE EN SABLAGE au Jet, Nettoyage apr\u00e8s sinistre et plus.\",\"publisher\":{\"@id\":\"https:\\\/\\\/groupericci.com\\\/#organization\"},\"alternateName\":\"Le Groupe Ricci\",\"potentialAction\":[{\"@type\":\"SearchAction\",\"target\":{\"@type\":\"EntryPoint\",\"urlTemplate\":\"https:\\\/\\\/groupericci.com\\\/?s={search_term_string}\"},\"query-input\":{\"@type\":\"PropertyValueSpecification\",\"valueRequired\":true,\"valueName\":\"search_term_string\"}}],\"inLanguage\":\"fr-CA\"},{\"@type\":\"Organization\",\"@id\":\"https:\\\/\\\/groupericci.com\\\/#organization\",\"name\":\"Le Groupe Ricci\",\"alternateName\":\"Group Ricci\",\"url\":\"https:\\\/\\\/groupericci.com\\\/\",\"logo\":{\"@type\":\"ImageObject\",\"inLanguage\":\"fr-CA\",\"@id\":\"https:\\\/\\\/groupericci.com\\\/#\\\/schema\\\/logo\\\/image\\\/\",\"url\":\"https:\\\/\\\/groupericci.com\\\/wp-content\\\/uploads\\\/2020\\\/06\\\/Untitled-1.png\",\"contentUrl\":\"https:\\\/\\\/groupericci.com\\\/wp-content\\\/uploads\\\/2020\\\/06\\\/Untitled-1.png\",\"width\":563,\"height\":263,\"caption\":\"Le Groupe Ricci\"},\"image\":{\"@id\":\"https:\\\/\\\/groupericci.com\\\/#\\\/schema\\\/logo\\\/image\\\/\"},\"sameAs\":[\"https:\\\/\\\/www.facebook.com\\\/profile.php?id=100086190623934\"]}]}<\/script>\n<!-- \/ Yoast SEO Premium plugin. -->","yoast_head_json":{"title":"Industrial Cleaning - Le Groupe Ricci","description":"Expert industrial cleaning by Groupe Ricci. Specialized in restoring, sanitizing, and decontaminating industrial spaces and equipment for optimal efficiency.","robots":{"index":"index","follow":"follow","max-snippet":"max-snippet:-1","max-image-preview":"max-image-preview:large","max-video-preview":"max-video-preview:-1"},"canonical":"https:\/\/groupericci.com\/fr\/nettoyage-industriel\/","og_locale":"fr_CA","og_type":"article","og_title":"Industrial Cleaning","og_description":"Expert industrial cleaning by Groupe Ricci. Specialized in restoring, sanitizing, and decontaminating industrial spaces and equipment for optimal efficiency.","og_url":"https:\/\/groupericci.com\/fr\/nettoyage-industriel\/","og_site_name":"Le Groupe Ricci","article_publisher":"https:\/\/www.facebook.com\/profile.php?id=100086190623934","article_modified_time":"2025-04-17T17:53:19+00:00","og_image":[{"width":900,"height":675,"url":"https:\/\/groupericci.com\/wp-content\/uploads\/2020\/06\/IC2.jpg","type":"image\/jpeg"}],"twitter_card":"summary_large_image","twitter_misc":{"Estimation du temps de lecture":"2 minutes"},"schema":{"@context":"https:\/\/schema.org","@graph":[{"@type":"WebPage","@id":"https:\/\/groupericci.com\/industrial-cleaning\/","url":"https:\/\/groupericci.com\/industrial-cleaning\/","name":"Industrial Cleaning - Le Groupe Ricci","isPartOf":{"@id":"https:\/\/groupericci.com\/#website"},"primaryImageOfPage":{"@id":"https:\/\/groupericci.com\/industrial-cleaning\/#primaryimage"},"image":{"@id":"https:\/\/groupericci.com\/industrial-cleaning\/#primaryimage"},"thumbnailUrl":"https:\/\/groupericci.com\/wp-content\/uploads\/2020\/06\/IC2.jpg","datePublished":"2022-07-05T15:59:51+00:00","dateModified":"2025-04-17T17:53:19+00:00","description":"Expert industrial cleaning by Groupe Ricci. Specialized in restoring, sanitizing, and decontaminating industrial spaces and equipment for optimal efficiency.","breadcrumb":{"@id":"https:\/\/groupericci.com\/industrial-cleaning\/#breadcrumb"},"inLanguage":"fr-CA","potentialAction":[{"@type":"ReadAction","target":["https:\/\/groupericci.com\/industrial-cleaning\/"]}]},{"@type":"ImageObject","inLanguage":"fr-CA","@id":"https:\/\/groupericci.com\/industrial-cleaning\/#primaryimage","url":"https:\/\/groupericci.com\/wp-content\/uploads\/2020\/06\/IC2.jpg","contentUrl":"https:\/\/groupericci.com\/wp-content\/uploads\/2020\/06\/IC2.jpg","width":900,"height":675},{"@type":"BreadcrumbList","@id":"https:\/\/groupericci.com\/industrial-cleaning\/#breadcrumb","itemListElement":[{"@type":"ListItem","position":1,"name":"Home","item":"https:\/\/groupericci.com\/"},{"@type":"ListItem","position":2,"name":"Industrial Cleaning"}]},{"@type":"WebSite","@id":"https:\/\/groupericci.com\/#website","url":"https:\/\/groupericci.com\/","name":"groupericci.com","description":"SP\u00c9CIALISTE EN SABLAGE au Jet, Nettoyage apr\u00e8s sinistre et plus.","publisher":{"@id":"https:\/\/groupericci.com\/#organization"},"alternateName":"Le Groupe Ricci","potentialAction":[{"@type":"SearchAction","target":{"@type":"EntryPoint","urlTemplate":"https:\/\/groupericci.com\/?s={search_term_string}"},"query-input":{"@type":"PropertyValueSpecification","valueRequired":true,"valueName":"search_term_string"}}],"inLanguage":"fr-CA"},{"@type":"Organization","@id":"https:\/\/groupericci.com\/#organization","name":"Le Groupe Ricci","alternateName":"Group Ricci","url":"https:\/\/groupericci.com\/","logo":{"@type":"ImageObject","inLanguage":"fr-CA","@id":"https:\/\/groupericci.com\/#\/schema\/logo\/image\/","url":"https:\/\/groupericci.com\/wp-content\/uploads\/2020\/06\/Untitled-1.png","contentUrl":"https:\/\/groupericci.com\/wp-content\/uploads\/2020\/06\/Untitled-1.png","width":563,"height":263,"caption":"Le Groupe Ricci"},"image":{"@id":"https:\/\/groupericci.com\/#\/schema\/logo\/image\/"},"sameAs":["https:\/\/www.facebook.com\/profile.php?id=100086190623934"]}]}},"_links":{"self":[{"href":"https:\/\/groupericci.com\/fr\/wp-json\/wp\/v2\/pages\/6389","targetHints":{"allow":["GET"]}}],"collection":[{"href":"https:\/\/groupericci.com\/fr\/wp-json\/wp\/v2\/pages"}],"about":[{"href":"https:\/\/groupericci.com\/fr\/wp-json\/wp\/v2\/types\/page"}],"author":[{"embeddable":true,"href":"https:\/\/groupericci.com\/fr\/wp-json\/wp\/v2\/users\/1"}],"replies":[{"embeddable":true,"href":"https:\/\/groupericci.com\/fr\/wp-json\/wp\/v2\/comments?post=6389"}],"version-history":[{"count":18,"href":"https:\/\/groupericci.com\/fr\/wp-json\/wp\/v2\/pages\/6389\/revisions"}],"predecessor-version":[{"id":7247,"href":"https:\/\/groupericci.com\/fr\/wp-json\/wp\/v2\/pages\/6389\/revisions\/7247"}],"wp:featuredmedia":[{"embeddable":true,"href":"https:\/\/groupericci.com\/fr\/wp-json\/wp\/v2\/media\/5298"}],"wp:attachment":[{"href":"https:\/\/groupericci.com\/fr\/wp-json\/wp\/v2\/media?parent=6389"}],"curies":[{"name":"wp","href":"https:\/\/api.w.org\/{rel}","templated":true}]}}