{"id":6419,"date":"2022-07-05T12:12:39","date_gmt":"2022-07-05T16:12:39","guid":{"rendered":"https:\/\/groupericci.com\/?page_id=6419"},"modified":"2025-04-23T16:30:00","modified_gmt":"2025-04-23T20:30:00","slug":"graffiti-removal","status":"publish","type":"page","link":"https:\/\/groupericci.com\/fr\/nettoyage-de-graffiti-le-groupe-ricci\/","title":{"rendered":"Le d\u00e9capage de graffitis et de peinture"},"content":{"rendered":"<div data-elementor-type=\"wp-page\" data-elementor-id=\"6419\" class=\"elementor elementor-6419\" data-elementor-post-type=\"page\">\n\t\t\t\t\t\t<section class=\"elementor-section elementor-top-section elementor-element elementor-element-12c06ab6 elementor-section-boxed elementor-section-height-default elementor-section-height-default\" data-id=\"12c06ab6\" data-element_type=\"section\" data-e-type=\"section\">\n\t\t\t\t\t\t<div class=\"elementor-container elementor-column-gap-default\">\n\t\t\t\t\t<div class=\"elementor-column elementor-col-100 elementor-top-column elementor-element elementor-element-3382c09b\" data-id=\"3382c09b\" data-element_type=\"column\" data-e-type=\"column\">\n\t\t\t<div class=\"elementor-widget-wrap elementor-element-populated\">\n\t\t\t\t\t\t<div class=\"elementor-element elementor-element-309e110a elementor-widget elementor-widget-heading\" data-id=\"309e110a\" data-element_type=\"widget\" data-e-type=\"widget\" data-widget_type=\"heading.default\">\n\t\t\t\t<div class=\"elementor-widget-container\">\n\t\t\t\t\t<h2 class=\"elementor-heading-title elementor-size-default\">Le d\u00e9capage de graffitis et de peinture<\/h2>\t\t\t\t<\/div>\n\t\t\t\t<\/div>\n\t\t\t\t\t<\/div>\n\t\t<\/div>\n\t\t\t\t\t<\/div>\n\t\t<\/section>\n\t\t\t\t<section class=\"elementor-section elementor-top-section elementor-element elementor-element-1123f568 elementor-section-boxed elementor-section-height-default elementor-section-height-default\" data-id=\"1123f568\" data-element_type=\"section\" data-e-type=\"section\">\n\t\t\t\t\t\t<div class=\"elementor-container elementor-column-gap-default\">\n\t\t\t\t\t<div class=\"elementor-column elementor-col-100 elementor-top-column elementor-element elementor-element-752e41df\" data-id=\"752e41df\" data-element_type=\"column\" data-e-type=\"column\">\n\t\t\t<div class=\"elementor-widget-wrap elementor-element-populated\">\n\t\t\t\t\t\t<div class=\"elementor-element elementor-element-75df478e elementor-widget elementor-widget-image\" data-id=\"75df478e\" data-element_type=\"widget\" data-e-type=\"widget\" data-widget_type=\"image.default\">\n\t\t\t\t<div class=\"elementor-widget-container\">\n\t\t\t\t\t\t\t\t\t\t\t\t\t\t\t<img fetchpriority=\"high\" decoding=\"async\" width=\"900\" height=\"506\" src=\"https:\/\/groupericci.com\/wp-content\/uploads\/2020\/06\/GC3-900x506.jpg\" class=\"attachment-aichtwooh-thumb-l size-aichtwooh-thumb-l wp-image-5217\" alt=\"\" \/>\t\t\t\t\t\t\t\t\t\t\t\t\t\t\t<\/div>\n\t\t\t\t<\/div>\n\t\t\t\t<div class=\"elementor-element elementor-element-34091af4 elementor-widget-divider--view-line elementor-widget elementor-widget-divider\" data-id=\"34091af4\" data-element_type=\"widget\" data-e-type=\"widget\" data-widget_type=\"divider.default\">\n\t\t\t\t<div class=\"elementor-widget-container\">\n\t\t\t\t\t\t\t<div class=\"elementor-divider\">\n\t\t\t<span class=\"elementor-divider-separator\">\n\t\t\t\t\t\t<\/span>\n\t\t<\/div>\n\t\t\t\t\t\t<\/div>\n\t\t\t\t<\/div>\n\t\t\t\t\t<\/div>\n\t\t<\/div>\n\t\t\t\t\t<\/div>\n\t\t<\/section>\n\t\t\t\t<section class=\"elementor-section elementor-top-section elementor-element elementor-element-39da4087 elementor-section-boxed elementor-section-height-default elementor-section-height-default\" data-id=\"39da4087\" data-element_type=\"section\" data-e-type=\"section\">\n\t\t\t\t\t\t<div class=\"elementor-container elementor-column-gap-default\">\n\t\t\t\t\t<div class=\"elementor-column elementor-col-100 elementor-top-column elementor-element elementor-element-75d6fd2d\" data-id=\"75d6fd2d\" data-element_type=\"column\" data-e-type=\"column\">\n\t\t\t<div class=\"elementor-widget-wrap elementor-element-populated\">\n\t\t\t\t\t\t<div class=\"elementor-element elementor-element-7cf6b012 elementor-widget elementor-widget-text-editor\" data-id=\"7cf6b012\" data-element_type=\"widget\" data-e-type=\"widget\" data-widget_type=\"text-editor.default\">\n\t\t\t\t<div class=\"elementor-widget-container\">\n\t\t\t\t\t\t\t\t\t<p><span style=\"letter-spacing: 0px;\">Le Groupe Ricci s'engage \u00e0 fournir des r\u00e9sultats exceptionnels et \u00e0 assurer la satisfaction de ses clients. Nos services d'enl\u00e8vement de graffitis sont con\u00e7us pour \u00eatre \u00e0 la fois efficaces et doux, afin de pr\u00e9server l'aspect et l'atmosph\u00e8re d'origine de votre b\u00e2timent tout en \u00e9liminant toute trace de vandalisme. En choisissant le Groupe Ricci, vous investissez non seulement dans la propret\u00e9 imm\u00e9diate de votre propri\u00e9t\u00e9, mais aussi dans sa protection \u00e0 long terme. Nous sommes fiers d'aider nos clients \u00e0 pr\u00e9server l'esth\u00e9tique et l'int\u00e9grit\u00e9 structurelle de leurs b\u00e2timents, en veillant \u00e0 ce qu'ils restent attrayants et accueillants pour les ann\u00e9es \u00e0 venir.<\/span><\/p>\t\t\t\t\t\t\t\t<\/div>\n\t\t\t\t<\/div>\n\t\t\t\t<div class=\"elementor-element elementor-element-233a04fc elementor-widget elementor-widget-heading\" data-id=\"233a04fc\" data-element_type=\"widget\" data-e-type=\"widget\" data-widget_type=\"heading.default\">\n\t\t\t\t<div class=\"elementor-widget-container\">\n\t\t\t\t\t<h4 class=\"elementor-heading-title elementor-size-default\">Certains de nos projets<\/h4>\t\t\t\t<\/div>\n\t\t\t\t<\/div>\n\t\t\t\t\t<\/div>\n\t\t<\/div>\n\t\t\t\t\t<\/div>\n\t\t<\/section>\n\t\t\t\t<section class=\"elementor-section elementor-top-section elementor-element elementor-element-1e46a9fa elementor-section-boxed elementor-section-height-default elementor-section-height-default\" data-id=\"1e46a9fa\" data-element_type=\"section\" data-e-type=\"section\">\n\t\t\t\t\t\t<div class=\"elementor-container elementor-column-gap-default\">\n\t\t\t\t\t<div class=\"elementor-column elementor-col-100 elementor-top-column elementor-element elementor-element-5ec47b55\" data-id=\"5ec47b55\" data-element_type=\"column\" data-e-type=\"column\">\n\t\t\t<div class=\"elementor-widget-wrap elementor-element-populated\">\n\t\t\t\t\t\t<div class=\"elementor-element elementor-element-115bd11a elementor-widget elementor-widget-text-editor\" data-id=\"115bd11a\" data-element_type=\"widget\" data-e-type=\"widget\" data-widget_type=\"text-editor.default\">\n\t\t\t\t<div class=\"elementor-widget-container\">\n\t\t\t\t\t\t\t\t\t<div class=\"n2_ss_slider_publish__option_code\" dir=\"ltr\" data-mode=\"id\">\n<div class=\"n2_ss_slider_publish__option_code\" dir=\"ltr\" data-mode=\"id\">\n<div class=\"n2_ss_slider_publish__option_code\" dir=\"ltr\" data-mode=\"id\"><\/div>\n<div dir=\"ltr\" data-mode=\"id\">&nbsp;<\/div><\/div>\n<\/div>\n<p style=\"text-align: center;\"><a href=\"https:\/\/groupericci.com\/fr\/contacts\/\"><strong>Veuillez nous contacter pour plus d'informations<\/strong><\/a><\/p>\t\t\t\t\t\t\t\t<\/div>\n\t\t\t\t<\/div>\n\t\t\t\t<div class=\"elementor-element elementor-element-37361d7 elementor-widget elementor-widget-video\" data-id=\"37361d7\" data-element_type=\"widget\" data-e-type=\"widget\" data-settings=\"{&quot;video_type&quot;:&quot;hosted&quot;,&quot;controls&quot;:&quot;yes&quot;}\" data-widget_type=\"video.default\">\n\t\t\t\t<div class=\"elementor-widget-container\">\n\t\t\t\t\t\t\t<div class=\"e-hosted-video elementor-wrapper elementor-open-inline\">\n\t\t\t\t\t<video class=\"elementor-video\" src=\"https:\/\/groupericci.com\/wp-content\/uploads\/2025\/04\/DECAPAGE-DE-PEINTURE-AU-PLOMB-3.mp4\" controls=\"\" preload=\"metadata\" controlslist=\"nodownload\"><\/video>\n\t\t\t\t<\/div>\n\t\t\t\t\t\t<\/div>\n\t\t\t\t<\/div>\n\t\t\t\t\t<\/div>\n\t\t<\/div>\n\t\t\t\t\t<\/div>\n\t\t<\/section>\n\t\t\t\t<\/div>","protected":false},"excerpt":{"rendered":"<p>Graffiti Removal At Groupe Ricci, we are committed to delivering exceptional results and ensuring customer satisfaction. Our graffiti removal services are designed to be both effective and gentle, preserving the original look and feel of your building while removing any trace of vandalism. By choosing Groupe Ricci, you are not only investing in the immediate &hellip;<\/p>","protected":false},"author":1,"featured_media":0,"parent":0,"menu_order":0,"comment_status":"closed","ping_status":"closed","template":"","meta":{"footnotes":""},"class_list":["post-6419","page","type-page","status-publish","hentry","no-thumb"],"yoast_head":"<!-- This site is optimized with the Yoast SEO Premium plugin v20.6 (Yoast SEO v27.5) - https:\/\/yoast.com\/product\/yoast-seo-premium-wordpress\/ -->\n<title>Graffiti Removal - Le Groupe Ricci<\/title>\n<meta name=\"description\" content=\"Expert graffiti removal by Groupe Ricci restores brick, wood, and concrete surfaces. Trusted by top clients in Montreal for effective, gentle cleaning solutions.\" \/>\n<meta name=\"robots\" content=\"index, follow, max-snippet:-1, max-image-preview:large, max-video-preview:-1\" \/>\n<link rel=\"canonical\" href=\"https:\/\/groupericci.com\/fr\/nettoyage-de-graffiti-le-groupe-ricci\/\" \/>\n<meta property=\"og:locale\" content=\"fr_CA\" \/>\n<meta property=\"og:type\" content=\"article\" \/>\n<meta property=\"og:title\" content=\"Graffiti Removal\" \/>\n<meta property=\"og:description\" content=\"Expert graffiti removal by Groupe Ricci restores brick, wood, and concrete surfaces. Trusted by top clients in Montreal for effective, gentle cleaning solutions.\" \/>\n<meta property=\"og:url\" content=\"https:\/\/groupericci.com\/fr\/nettoyage-de-graffiti-le-groupe-ricci\/\" \/>\n<meta property=\"og:site_name\" content=\"Le Groupe Ricci\" \/>\n<meta property=\"article:publisher\" content=\"https:\/\/www.facebook.com\/profile.php?id=100086190623934\" \/>\n<meta property=\"article:modified_time\" content=\"2025-04-23T20:30:00+00:00\" \/>\n<meta property=\"og:image\" content=\"https:\/\/groupericci.com\/wp-content\/uploads\/2020\/06\/GC3.jpg\" \/>\n\t<meta property=\"og:image:width\" content=\"900\" \/>\n\t<meta property=\"og:image:height\" content=\"583\" \/>\n\t<meta property=\"og:image:type\" content=\"image\/jpeg\" \/>\n<meta name=\"twitter:card\" content=\"summary_large_image\" \/>\n<meta name=\"twitter:label1\" content=\"Estimation du temps de lecture\" \/>\n\t<meta name=\"twitter:data1\" content=\"1 minute\" \/>\n<script type=\"application\/ld+json\" class=\"yoast-schema-graph\">{\"@context\":\"https:\\\/\\\/schema.org\",\"@graph\":[{\"@type\":\"WebPage\",\"@id\":\"https:\\\/\\\/groupericci.com\\\/graffiti-removal\\\/\",\"url\":\"https:\\\/\\\/groupericci.com\\\/graffiti-removal\\\/\",\"name\":\"Graffiti Removal - Le Groupe Ricci\",\"isPartOf\":{\"@id\":\"https:\\\/\\\/groupericci.com\\\/#website\"},\"primaryImageOfPage\":{\"@id\":\"https:\\\/\\\/groupericci.com\\\/graffiti-removal\\\/#primaryimage\"},\"image\":{\"@id\":\"https:\\\/\\\/groupericci.com\\\/graffiti-removal\\\/#primaryimage\"},\"thumbnailUrl\":\"https:\\\/\\\/groupericci.com\\\/wp-content\\\/uploads\\\/2020\\\/06\\\/GC3-900x506.jpg\",\"datePublished\":\"2022-07-05T16:12:39+00:00\",\"dateModified\":\"2025-04-23T20:30:00+00:00\",\"description\":\"Expert graffiti removal by Groupe Ricci restores brick, wood, and concrete surfaces. Trusted by top clients in Montreal for effective, gentle cleaning solutions.\",\"breadcrumb\":{\"@id\":\"https:\\\/\\\/groupericci.com\\\/graffiti-removal\\\/#breadcrumb\"},\"inLanguage\":\"fr-CA\",\"potentialAction\":[{\"@type\":\"ReadAction\",\"target\":[\"https:\\\/\\\/groupericci.com\\\/graffiti-removal\\\/\"]}]},{\"@type\":\"ImageObject\",\"inLanguage\":\"fr-CA\",\"@id\":\"https:\\\/\\\/groupericci.com\\\/graffiti-removal\\\/#primaryimage\",\"url\":\"https:\\\/\\\/groupericci.com\\\/wp-content\\\/uploads\\\/2020\\\/06\\\/GC3-900x506.jpg\",\"contentUrl\":\"https:\\\/\\\/groupericci.com\\\/wp-content\\\/uploads\\\/2020\\\/06\\\/GC3-900x506.jpg\"},{\"@type\":\"BreadcrumbList\",\"@id\":\"https:\\\/\\\/groupericci.com\\\/graffiti-removal\\\/#breadcrumb\",\"itemListElement\":[{\"@type\":\"ListItem\",\"position\":1,\"name\":\"Home\",\"item\":\"https:\\\/\\\/groupericci.com\\\/\"},{\"@type\":\"ListItem\",\"position\":2,\"name\":\"Graffiti Removal\"}]},{\"@type\":\"WebSite\",\"@id\":\"https:\\\/\\\/groupericci.com\\\/#website\",\"url\":\"https:\\\/\\\/groupericci.com\\\/\",\"name\":\"groupericci.com\",\"description\":\"SP\u00c9CIALISTE EN SABLAGE au Jet, Nettoyage apr\u00e8s sinistre et plus.\",\"publisher\":{\"@id\":\"https:\\\/\\\/groupericci.com\\\/#organization\"},\"alternateName\":\"Le Groupe Ricci\",\"potentialAction\":[{\"@type\":\"SearchAction\",\"target\":{\"@type\":\"EntryPoint\",\"urlTemplate\":\"https:\\\/\\\/groupericci.com\\\/?s={search_term_string}\"},\"query-input\":{\"@type\":\"PropertyValueSpecification\",\"valueRequired\":true,\"valueName\":\"search_term_string\"}}],\"inLanguage\":\"fr-CA\"},{\"@type\":\"Organization\",\"@id\":\"https:\\\/\\\/groupericci.com\\\/#organization\",\"name\":\"Le Groupe Ricci\",\"alternateName\":\"Group Ricci\",\"url\":\"https:\\\/\\\/groupericci.com\\\/\",\"logo\":{\"@type\":\"ImageObject\",\"inLanguage\":\"fr-CA\",\"@id\":\"https:\\\/\\\/groupericci.com\\\/#\\\/schema\\\/logo\\\/image\\\/\",\"url\":\"https:\\\/\\\/groupericci.com\\\/wp-content\\\/uploads\\\/2020\\\/06\\\/Untitled-1.png\",\"contentUrl\":\"https:\\\/\\\/groupericci.com\\\/wp-content\\\/uploads\\\/2020\\\/06\\\/Untitled-1.png\",\"width\":563,\"height\":263,\"caption\":\"Le Groupe Ricci\"},\"image\":{\"@id\":\"https:\\\/\\\/groupericci.com\\\/#\\\/schema\\\/logo\\\/image\\\/\"},\"sameAs\":[\"https:\\\/\\\/www.facebook.com\\\/profile.php?id=100086190623934\"]}]}<\/script>\n<!-- \/ Yoast SEO Premium plugin. -->","yoast_head_json":{"title":"Graffiti Removal - Le Groupe Ricci","description":"Expert graffiti removal by Groupe Ricci restores brick, wood, and concrete surfaces. Trusted by top clients in Montreal for effective, gentle cleaning solutions.","robots":{"index":"index","follow":"follow","max-snippet":"max-snippet:-1","max-image-preview":"max-image-preview:large","max-video-preview":"max-video-preview:-1"},"canonical":"https:\/\/groupericci.com\/fr\/nettoyage-de-graffiti-le-groupe-ricci\/","og_locale":"fr_CA","og_type":"article","og_title":"Graffiti Removal","og_description":"Expert graffiti removal by Groupe Ricci restores brick, wood, and concrete surfaces. Trusted by top clients in Montreal for effective, gentle cleaning solutions.","og_url":"https:\/\/groupericci.com\/fr\/nettoyage-de-graffiti-le-groupe-ricci\/","og_site_name":"Le Groupe Ricci","article_publisher":"https:\/\/www.facebook.com\/profile.php?id=100086190623934","article_modified_time":"2025-04-23T20:30:00+00:00","og_image":[{"width":900,"height":583,"url":"https:\/\/groupericci.com\/wp-content\/uploads\/2020\/06\/GC3.jpg","type":"image\/jpeg"}],"twitter_card":"summary_large_image","twitter_misc":{"Estimation du temps de lecture":"1 minute"},"schema":{"@context":"https:\/\/schema.org","@graph":[{"@type":"WebPage","@id":"https:\/\/groupericci.com\/graffiti-removal\/","url":"https:\/\/groupericci.com\/graffiti-removal\/","name":"Graffiti Removal - Le Groupe Ricci","isPartOf":{"@id":"https:\/\/groupericci.com\/#website"},"primaryImageOfPage":{"@id":"https:\/\/groupericci.com\/graffiti-removal\/#primaryimage"},"image":{"@id":"https:\/\/groupericci.com\/graffiti-removal\/#primaryimage"},"thumbnailUrl":"https:\/\/groupericci.com\/wp-content\/uploads\/2020\/06\/GC3-900x506.jpg","datePublished":"2022-07-05T16:12:39+00:00","dateModified":"2025-04-23T20:30:00+00:00","description":"Expert graffiti removal by Groupe Ricci restores brick, wood, and concrete surfaces. Trusted by top clients in Montreal for effective, gentle cleaning solutions.","breadcrumb":{"@id":"https:\/\/groupericci.com\/graffiti-removal\/#breadcrumb"},"inLanguage":"fr-CA","potentialAction":[{"@type":"ReadAction","target":["https:\/\/groupericci.com\/graffiti-removal\/"]}]},{"@type":"ImageObject","inLanguage":"fr-CA","@id":"https:\/\/groupericci.com\/graffiti-removal\/#primaryimage","url":"https:\/\/groupericci.com\/wp-content\/uploads\/2020\/06\/GC3-900x506.jpg","contentUrl":"https:\/\/groupericci.com\/wp-content\/uploads\/2020\/06\/GC3-900x506.jpg"},{"@type":"BreadcrumbList","@id":"https:\/\/groupericci.com\/graffiti-removal\/#breadcrumb","itemListElement":[{"@type":"ListItem","position":1,"name":"Home","item":"https:\/\/groupericci.com\/"},{"@type":"ListItem","position":2,"name":"Graffiti Removal"}]},{"@type":"WebSite","@id":"https:\/\/groupericci.com\/#website","url":"https:\/\/groupericci.com\/","name":"groupericci.com","description":"SP\u00c9CIALISTE EN SABLAGE au Jet, Nettoyage apr\u00e8s sinistre et plus.","publisher":{"@id":"https:\/\/groupericci.com\/#organization"},"alternateName":"Le Groupe Ricci","potentialAction":[{"@type":"SearchAction","target":{"@type":"EntryPoint","urlTemplate":"https:\/\/groupericci.com\/?s={search_term_string}"},"query-input":{"@type":"PropertyValueSpecification","valueRequired":true,"valueName":"search_term_string"}}],"inLanguage":"fr-CA"},{"@type":"Organization","@id":"https:\/\/groupericci.com\/#organization","name":"Le Groupe Ricci","alternateName":"Group Ricci","url":"https:\/\/groupericci.com\/","logo":{"@type":"ImageObject","inLanguage":"fr-CA","@id":"https:\/\/groupericci.com\/#\/schema\/logo\/image\/","url":"https:\/\/groupericci.com\/wp-content\/uploads\/2020\/06\/Untitled-1.png","contentUrl":"https:\/\/groupericci.com\/wp-content\/uploads\/2020\/06\/Untitled-1.png","width":563,"height":263,"caption":"Le Groupe Ricci"},"image":{"@id":"https:\/\/groupericci.com\/#\/schema\/logo\/image\/"},"sameAs":["https:\/\/www.facebook.com\/profile.php?id=100086190623934"]}]}},"_links":{"self":[{"href":"https:\/\/groupericci.com\/fr\/wp-json\/wp\/v2\/pages\/6419","targetHints":{"allow":["GET"]}}],"collection":[{"href":"https:\/\/groupericci.com\/fr\/wp-json\/wp\/v2\/pages"}],"about":[{"href":"https:\/\/groupericci.com\/fr\/wp-json\/wp\/v2\/types\/page"}],"author":[{"embeddable":true,"href":"https:\/\/groupericci.com\/fr\/wp-json\/wp\/v2\/users\/1"}],"replies":[{"embeddable":true,"href":"https:\/\/groupericci.com\/fr\/wp-json\/wp\/v2\/comments?post=6419"}],"version-history":[{"count":23,"href":"https:\/\/groupericci.com\/fr\/wp-json\/wp\/v2\/pages\/6419\/revisions"}],"predecessor-version":[{"id":7434,"href":"https:\/\/groupericci.com\/fr\/wp-json\/wp\/v2\/pages\/6419\/revisions\/7434"}],"wp:attachment":[{"href":"https:\/\/groupericci.com\/fr\/wp-json\/wp\/v2\/media?parent=6419"}],"curies":[{"name":"wp","href":"https:\/\/api.w.org\/{rel}","templated":true}]}}