{"id":6434,"date":"2022-07-05T12:25:57","date_gmt":"2022-07-05T16:25:57","guid":{"rendered":"https:\/\/groupericci.com\/?page_id=6434"},"modified":"2024-08-27T17:05:16","modified_gmt":"2024-08-27T21:05:16","slug":"cleaning-of-hvac-systems","status":"publish","type":"page","link":"https:\/\/groupericci.com\/fr\/nettoyage-systemes-ventilation-air-climatise\/","title":{"rendered":"Nettoyage des syst\u00e8mes CVAC"},"content":{"rendered":"<div data-elementor-type=\"wp-page\" data-elementor-id=\"6434\" class=\"elementor elementor-6434\" data-elementor-post-type=\"page\">\n\t\t\t\t\t\t<section class=\"elementor-section elementor-top-section elementor-element elementor-element-7e1c76cb elementor-section-boxed elementor-section-height-default elementor-section-height-default\" data-id=\"7e1c76cb\" data-element_type=\"section\" data-e-type=\"section\">\n\t\t\t\t\t\t<div class=\"elementor-container elementor-column-gap-default\">\n\t\t\t\t\t<div class=\"elementor-column elementor-col-100 elementor-top-column elementor-element elementor-element-f856f98\" data-id=\"f856f98\" data-element_type=\"column\" data-e-type=\"column\">\n\t\t\t<div class=\"elementor-widget-wrap elementor-element-populated\">\n\t\t\t\t\t\t<div class=\"elementor-element elementor-element-4643fcfb elementor-widget elementor-widget-heading\" data-id=\"4643fcfb\" data-element_type=\"widget\" data-e-type=\"widget\" data-widget_type=\"heading.default\">\n\t\t\t\t<div class=\"elementor-widget-container\">\n\t\t\t\t\t<h2 class=\"elementor-heading-title elementor-size-default\">Nettoyage des syst\u00e8mes CVAC<\/h2>\t\t\t\t<\/div>\n\t\t\t\t<\/div>\n\t\t\t\t\t<\/div>\n\t\t<\/div>\n\t\t\t\t\t<\/div>\n\t\t<\/section>\n\t\t\t\t<section class=\"elementor-section elementor-top-section elementor-element elementor-element-4435cae1 elementor-section-boxed elementor-section-height-default elementor-section-height-default\" data-id=\"4435cae1\" data-element_type=\"section\" data-e-type=\"section\">\n\t\t\t\t\t\t<div class=\"elementor-container elementor-column-gap-default\">\n\t\t\t\t\t<div class=\"elementor-column elementor-col-100 elementor-top-column elementor-element elementor-element-73e74163\" data-id=\"73e74163\" data-element_type=\"column\" data-e-type=\"column\">\n\t\t\t<div class=\"elementor-widget-wrap elementor-element-populated\">\n\t\t\t\t\t\t<div class=\"elementor-element elementor-element-4100eada elementor-widget elementor-widget-image\" data-id=\"4100eada\" data-element_type=\"widget\" data-e-type=\"widget\" data-widget_type=\"image.default\">\n\t\t\t\t<div class=\"elementor-widget-container\">\n\t\t\t\t\t\t\t\t\t\t\t\t\t\t\t<img fetchpriority=\"high\" decoding=\"async\" width=\"563\" height=\"263\" src=\"https:\/\/groupericci.com\/wp-content\/uploads\/2020\/06\/Untitled-1.png\" class=\"attachment-aichtwooh-thumb-l size-aichtwooh-thumb-l wp-image-5391\" alt=\"\" srcset=\"https:\/\/groupericci.com\/wp-content\/uploads\/2020\/06\/Untitled-1.png 563w, https:\/\/groupericci.com\/wp-content\/uploads\/2020\/06\/Untitled-1-300x140.png 300w\" sizes=\"(max-width: 563px) 100vw, 563px\" \/>\t\t\t\t\t\t\t\t\t\t\t\t\t\t\t<\/div>\n\t\t\t\t<\/div>\n\t\t\t\t<div class=\"elementor-element elementor-element-56e5cb10 elementor-widget-divider--view-line elementor-widget elementor-widget-divider\" data-id=\"56e5cb10\" data-element_type=\"widget\" data-e-type=\"widget\" data-widget_type=\"divider.default\">\n\t\t\t\t<div class=\"elementor-widget-container\">\n\t\t\t\t\t\t\t<div class=\"elementor-divider\">\n\t\t\t<span class=\"elementor-divider-separator\">\n\t\t\t\t\t\t<\/span>\n\t\t<\/div>\n\t\t\t\t\t\t<\/div>\n\t\t\t\t<\/div>\n\t\t\t\t\t<\/div>\n\t\t<\/div>\n\t\t\t\t\t<\/div>\n\t\t<\/section>\n\t\t\t\t<section class=\"elementor-section elementor-top-section elementor-element elementor-element-420dcb6d elementor-section-boxed elementor-section-height-default elementor-section-height-default\" data-id=\"420dcb6d\" data-element_type=\"section\" data-e-type=\"section\">\n\t\t\t\t\t\t<div class=\"elementor-container elementor-column-gap-default\">\n\t\t\t\t\t<div class=\"elementor-column elementor-col-100 elementor-top-column elementor-element elementor-element-74e9d008\" data-id=\"74e9d008\" data-element_type=\"column\" data-e-type=\"column\">\n\t\t\t<div class=\"elementor-widget-wrap elementor-element-populated\">\n\t\t\t\t\t\t<div class=\"elementor-element elementor-element-66d1069b elementor-widget elementor-widget-text-editor\" data-id=\"66d1069b\" data-element_type=\"widget\" data-e-type=\"widget\" data-widget_type=\"text-editor.default\">\n\t\t\t\t<div class=\"elementor-widget-container\">\n\t\t\t\t\t\t\t\t\t<p>Le Groupe Ricci est votre partenaire de confiance pour l'\u00e9valuation, l'entretien et le <strong>Nettoyage des syst\u00e8mes CVAC<\/strong> dans divers milieux, y compris les immeubles commerciaux, institutionnels, r\u00e9sidentiels (en propri\u00e9t\u00e9 exclusive ou en copropri\u00e9t\u00e9) et industriels. Nous comprenons qu'un syst\u00e8me CVC bien entretenu est essentiel pour assurer un environnement propre, sain et s\u00e9curitaire. C'est pourquoi notre \u00e9quipe se consacre \u00e0 fournir des services de premier ordre qui non seulement r\u00e9pondent aux normes de l'industrie, mais les d\u00e9passent.<\/p><p>Avant le d\u00e9but des travaux, nos sp\u00e9cialistes proc\u00e8dent \u00e0 une inspection compl\u00e8te de vos r\u00e9seaux de gaines et de vos syst\u00e8mes de ventilation. Cette premi\u00e8re \u00e9tape est essentielle car elle nous permet d'\u00e9valuer l'\u00e9tat actuel de votre infrastructure de circulation et d'identifier tout probl\u00e8me potentiel ou toute zone d'inqui\u00e9tude. Notre approche approfondie garantit que vos syst\u00e8mes fonctionnent de mani\u00e8re optimale et que les r\u00e9parations ou nettoyages n\u00e9cessaires sont cibl\u00e9s avec pr\u00e9cision.<\/p><p>Une fois l'inspection termin\u00e9e, notre \u00e9quipe utilise des techniques avanc\u00e9es et un \u00e9quipement de pointe pour effectuer un nettoyage m\u00e9ticuleux de vos syst\u00e8mes CVC. Nos m\u00e9thodes sont con\u00e7ues pour \u00e9liminer tous les d\u00e9chets accumul\u00e9s, les r\u00e9sidus de poussi\u00e8re et autres contaminants qui peuvent compromettre la qualit\u00e9 de l'air et l'efficacit\u00e9 du syst\u00e8me. Nous savons que ces \u00e9l\u00e9ments peuvent s'accumuler au fil du temps, entra\u00eenant une diminution des performances du syst\u00e8me, une augmentation des co\u00fbts \u00e9nerg\u00e9tiques et des risques potentiels pour la sant\u00e9 des occupants du b\u00e2timent.<\/p><p>Nos services complets de nettoyage des syst\u00e8mes de ventilation comprennent<\/p><ul><li><strong>L\u2019inspection<\/strong>: Une \u00e9valuation d\u00e9taill\u00e9e de l'\u00e9tat actuel de votre syst\u00e8me CVC.<\/li><li><strong>Entretien<\/strong>: Entretien r\u00e9gulier pour \u00e9viter l'accumulation de contaminants.<\/li><li><strong>Nettoyage<\/strong>: \u00c9limination compl\u00e8te de la poussi\u00e8re, des d\u00e9bris et autres r\u00e9sidus.<\/li><li><strong>D\u00e9contamination<\/strong>: \u00c9limination des bact\u00e9ries nocives, des moisissures et d'autres polluants.<\/li><li><strong>Restauration<\/strong>: Rendre \u00e0 votre syst\u00e8me CVC ses performances optimales.<\/li><\/ul><p>Outre le nettoyage, nous veillons \u00e0 l'assainissement de tous les composants cl\u00e9s, notamment :<\/p><ul><li><strong>Ventilateurs<\/strong>: Essentiel pour maintenir la circulation de l'air.<\/li><li><strong>Conduits d'a\u00e9ration et de ventilation<\/strong>: Les voies de distribution de l'air pur.<\/li><li><strong>Syst\u00e8mes de climatisation et de chauffage<\/strong>: Essentiel pour le contr\u00f4le de la temp\u00e9rature et le confort.<\/li><li><strong>Grilles, filtres et diffuseurs<\/strong>: Ces composants sont essentiels au maintien d'un flux d'air propre.<\/li><\/ul><p>Nos sp\u00e9cialistes proc\u00e8dent \u00e0 une analyse compl\u00e8te de votre infrastructure CVC afin de recommander et de mettre en \u0153uvre les traitements les plus efficaces. En veillant \u00e0 ce que tous les aspects de vos syst\u00e8mes d'air et de ventilation soient propres et bien entretenus, nous vous aidons \u00e0 atteindre et \u00e0 maintenir une qualit\u00e9 d'air int\u00e9rieur irr\u00e9prochable, essentielle \u00e0 la sant\u00e9 et au confort de tous les occupants du b\u00e2timent. Le Groupe Ricci s'engage \u00e0 fournir l'excellence en mati\u00e8re de nettoyage et d'entretien des syst\u00e8mes de CVC, afin de s'assurer que vos syst\u00e8mes fonctionnent efficacement et en toute s\u00e9curit\u00e9 tout au long de l'ann\u00e9e.<\/p>\t\t\t\t\t\t\t\t<\/div>\n\t\t\t\t<\/div>\n\t\t\t\t<div class=\"elementor-element elementor-element-1cc5e782 elementor-widget elementor-widget-heading\" data-id=\"1cc5e782\" data-element_type=\"widget\" data-e-type=\"widget\" data-widget_type=\"heading.default\">\n\t\t\t\t<div class=\"elementor-widget-container\">\n\t\t\t\t\t<h4 class=\"elementor-heading-title elementor-size-default\">Certains de nos projets<\/h4>\t\t\t\t<\/div>\n\t\t\t\t<\/div>\n\t\t\t\t\t<\/div>\n\t\t<\/div>\n\t\t\t\t\t<\/div>\n\t\t<\/section>\n\t\t\t\t<section class=\"elementor-section elementor-top-section elementor-element elementor-element-475f4e42 elementor-section-boxed elementor-section-height-default elementor-section-height-default\" data-id=\"475f4e42\" data-element_type=\"section\" data-e-type=\"section\">\n\t\t\t\t\t\t<div class=\"elementor-container elementor-column-gap-default\">\n\t\t\t\t\t<div class=\"elementor-column elementor-col-100 elementor-top-column elementor-element elementor-element-5562fa53\" data-id=\"5562fa53\" data-element_type=\"column\" data-e-type=\"column\">\n\t\t\t<div class=\"elementor-widget-wrap elementor-element-populated\">\n\t\t\t\t\t\t<div class=\"elementor-element elementor-element-2f601a9 elementor-widget elementor-widget-text-editor\" data-id=\"2f601a9\" data-element_type=\"widget\" data-e-type=\"widget\" data-widget_type=\"text-editor.default\">\n\t\t\t\t<div class=\"elementor-widget-container\">\n\t\t\t\t\t\t\t\t\t<div class=\"n2_ss_slider_publish__option_code\" dir=\"ltr\" data-mode=\"id\"><div class=\"n2_ss_slider_publish__option_code\" dir=\"ltr\" data-mode=\"id\"><div class=\"n2_ss_slider_publish__option_code\" dir=\"ltr\" data-mode=\"id\">Media Coming soon\u00a0<\/div><\/div><div dir=\"ltr\" data-mode=\"id\"><p>\u00a0<\/p><\/div><\/div><p style=\"text-align: center;\"><a href=\"https:\/\/groupericci.com\/fr\/contacts\/\"><strong>Veuillez nous contacter pour plus d'informations<\/strong><\/a><\/p>\t\t\t\t\t\t\t\t<\/div>\n\t\t\t\t<\/div>\n\t\t\t\t\t<\/div>\n\t\t<\/div>\n\t\t\t\t\t<\/div>\n\t\t<\/section>\n\t\t\t\t<\/div>","protected":false},"excerpt":{"rendered":"<p>Cleaning of HVAC Systems Groupe Ricci is your trusted partner for the evaluation, maintenance, and Cleaning of HVAC Systems across various settings, including commercial, institutional, residential (both sole and co-ownership properties), and industrial buildings. We understand that a well-maintained HVAC system is crucial for ensuring a clean, healthy, and safe environment. That\u2019s why our team &hellip;<\/p>","protected":false},"author":1,"featured_media":0,"parent":0,"menu_order":0,"comment_status":"closed","ping_status":"closed","template":"","meta":{"footnotes":""},"class_list":["post-6434","page","type-page","status-publish","hentry","no-thumb"],"yoast_head":"<!-- This site is optimized with the Yoast SEO Premium plugin v20.6 (Yoast SEO v27.5) - https:\/\/yoast.com\/product\/yoast-seo-premium-wordpress\/ -->\n<title>Cleaning of HVAC Systems - Le Groupe Ricci<\/title>\n<meta name=\"description\" content=\"Expert cleaning of HVAC systems by Groupe Ricci. Comprehensive inspection, maintenance, and sanitation of all ventilation components for optimal air quality.\" \/>\n<meta name=\"robots\" content=\"index, follow, max-snippet:-1, max-image-preview:large, max-video-preview:-1\" \/>\n<link rel=\"canonical\" href=\"https:\/\/groupericci.com\/fr\/nettoyage-systemes-ventilation-air-climatise\/\" \/>\n<meta property=\"og:locale\" content=\"fr_CA\" \/>\n<meta property=\"og:type\" content=\"article\" \/>\n<meta property=\"og:title\" content=\"Cleaning of HVAC Systems\" \/>\n<meta property=\"og:description\" content=\"Expert cleaning of HVAC systems by Groupe Ricci. Comprehensive inspection, maintenance, and sanitation of all ventilation components for optimal air quality.\" \/>\n<meta property=\"og:url\" content=\"https:\/\/groupericci.com\/fr\/nettoyage-systemes-ventilation-air-climatise\/\" \/>\n<meta property=\"og:site_name\" content=\"Le Groupe Ricci\" \/>\n<meta property=\"article:publisher\" content=\"https:\/\/www.facebook.com\/profile.php?id=100086190623934\" \/>\n<meta property=\"article:modified_time\" content=\"2024-08-27T21:05:16+00:00\" \/>\n<meta property=\"og:image\" content=\"https:\/\/groupericci.com\/wp-content\/uploads\/2020\/06\/Untitled-1.png\" \/>\n<meta name=\"twitter:card\" content=\"summary_large_image\" \/>\n<meta name=\"twitter:label1\" content=\"Estimation du temps de lecture\" \/>\n\t<meta name=\"twitter:data1\" content=\"2 minutes\" \/>\n<script type=\"application\/ld+json\" class=\"yoast-schema-graph\">{\"@context\":\"https:\\\/\\\/schema.org\",\"@graph\":[{\"@type\":\"WebPage\",\"@id\":\"https:\\\/\\\/groupericci.com\\\/cleaning-of-hvac-systems\\\/\",\"url\":\"https:\\\/\\\/groupericci.com\\\/cleaning-of-hvac-systems\\\/\",\"name\":\"Cleaning of HVAC Systems - Le Groupe Ricci\",\"isPartOf\":{\"@id\":\"https:\\\/\\\/groupericci.com\\\/#website\"},\"primaryImageOfPage\":{\"@id\":\"https:\\\/\\\/groupericci.com\\\/cleaning-of-hvac-systems\\\/#primaryimage\"},\"image\":{\"@id\":\"https:\\\/\\\/groupericci.com\\\/cleaning-of-hvac-systems\\\/#primaryimage\"},\"thumbnailUrl\":\"https:\\\/\\\/groupericci.com\\\/wp-content\\\/uploads\\\/2020\\\/06\\\/Untitled-1.png\",\"datePublished\":\"2022-07-05T16:25:57+00:00\",\"dateModified\":\"2024-08-27T21:05:16+00:00\",\"description\":\"Expert cleaning of HVAC systems by Groupe Ricci. Comprehensive inspection, maintenance, and sanitation of all ventilation components for optimal air quality.\",\"breadcrumb\":{\"@id\":\"https:\\\/\\\/groupericci.com\\\/cleaning-of-hvac-systems\\\/#breadcrumb\"},\"inLanguage\":\"fr-CA\",\"potentialAction\":[{\"@type\":\"ReadAction\",\"target\":[\"https:\\\/\\\/groupericci.com\\\/cleaning-of-hvac-systems\\\/\"]}]},{\"@type\":\"ImageObject\",\"inLanguage\":\"fr-CA\",\"@id\":\"https:\\\/\\\/groupericci.com\\\/cleaning-of-hvac-systems\\\/#primaryimage\",\"url\":\"https:\\\/\\\/groupericci.com\\\/wp-content\\\/uploads\\\/2020\\\/06\\\/Untitled-1.png\",\"contentUrl\":\"https:\\\/\\\/groupericci.com\\\/wp-content\\\/uploads\\\/2020\\\/06\\\/Untitled-1.png\"},{\"@type\":\"BreadcrumbList\",\"@id\":\"https:\\\/\\\/groupericci.com\\\/cleaning-of-hvac-systems\\\/#breadcrumb\",\"itemListElement\":[{\"@type\":\"ListItem\",\"position\":1,\"name\":\"Home\",\"item\":\"https:\\\/\\\/groupericci.com\\\/\"},{\"@type\":\"ListItem\",\"position\":2,\"name\":\"Cleaning of HVAC Systems\"}]},{\"@type\":\"WebSite\",\"@id\":\"https:\\\/\\\/groupericci.com\\\/#website\",\"url\":\"https:\\\/\\\/groupericci.com\\\/\",\"name\":\"groupericci.com\",\"description\":\"SP\u00c9CIALISTE EN SABLAGE au Jet, Nettoyage apr\u00e8s sinistre et plus.\",\"publisher\":{\"@id\":\"https:\\\/\\\/groupericci.com\\\/#organization\"},\"alternateName\":\"Le Groupe Ricci\",\"potentialAction\":[{\"@type\":\"SearchAction\",\"target\":{\"@type\":\"EntryPoint\",\"urlTemplate\":\"https:\\\/\\\/groupericci.com\\\/?s={search_term_string}\"},\"query-input\":{\"@type\":\"PropertyValueSpecification\",\"valueRequired\":true,\"valueName\":\"search_term_string\"}}],\"inLanguage\":\"fr-CA\"},{\"@type\":\"Organization\",\"@id\":\"https:\\\/\\\/groupericci.com\\\/#organization\",\"name\":\"Le Groupe Ricci\",\"alternateName\":\"Group Ricci\",\"url\":\"https:\\\/\\\/groupericci.com\\\/\",\"logo\":{\"@type\":\"ImageObject\",\"inLanguage\":\"fr-CA\",\"@id\":\"https:\\\/\\\/groupericci.com\\\/#\\\/schema\\\/logo\\\/image\\\/\",\"url\":\"https:\\\/\\\/groupericci.com\\\/wp-content\\\/uploads\\\/2020\\\/06\\\/Untitled-1.png\",\"contentUrl\":\"https:\\\/\\\/groupericci.com\\\/wp-content\\\/uploads\\\/2020\\\/06\\\/Untitled-1.png\",\"width\":563,\"height\":263,\"caption\":\"Le Groupe Ricci\"},\"image\":{\"@id\":\"https:\\\/\\\/groupericci.com\\\/#\\\/schema\\\/logo\\\/image\\\/\"},\"sameAs\":[\"https:\\\/\\\/www.facebook.com\\\/profile.php?id=100086190623934\"]}]}<\/script>\n<!-- \/ Yoast SEO Premium plugin. -->","yoast_head_json":{"title":"Cleaning of HVAC Systems - Le Groupe Ricci","description":"Expert cleaning of HVAC systems by Groupe Ricci. Comprehensive inspection, maintenance, and sanitation of all ventilation components for optimal air quality.","robots":{"index":"index","follow":"follow","max-snippet":"max-snippet:-1","max-image-preview":"max-image-preview:large","max-video-preview":"max-video-preview:-1"},"canonical":"https:\/\/groupericci.com\/fr\/nettoyage-systemes-ventilation-air-climatise\/","og_locale":"fr_CA","og_type":"article","og_title":"Cleaning of HVAC Systems","og_description":"Expert cleaning of HVAC systems by Groupe Ricci. Comprehensive inspection, maintenance, and sanitation of all ventilation components for optimal air quality.","og_url":"https:\/\/groupericci.com\/fr\/nettoyage-systemes-ventilation-air-climatise\/","og_site_name":"Le Groupe Ricci","article_publisher":"https:\/\/www.facebook.com\/profile.php?id=100086190623934","article_modified_time":"2024-08-27T21:05:16+00:00","og_image":[{"url":"https:\/\/groupericci.com\/wp-content\/uploads\/2020\/06\/Untitled-1.png","type":"","width":"","height":""}],"twitter_card":"summary_large_image","twitter_misc":{"Estimation du temps de lecture":"2 minutes"},"schema":{"@context":"https:\/\/schema.org","@graph":[{"@type":"WebPage","@id":"https:\/\/groupericci.com\/cleaning-of-hvac-systems\/","url":"https:\/\/groupericci.com\/cleaning-of-hvac-systems\/","name":"Cleaning of HVAC Systems - Le Groupe Ricci","isPartOf":{"@id":"https:\/\/groupericci.com\/#website"},"primaryImageOfPage":{"@id":"https:\/\/groupericci.com\/cleaning-of-hvac-systems\/#primaryimage"},"image":{"@id":"https:\/\/groupericci.com\/cleaning-of-hvac-systems\/#primaryimage"},"thumbnailUrl":"https:\/\/groupericci.com\/wp-content\/uploads\/2020\/06\/Untitled-1.png","datePublished":"2022-07-05T16:25:57+00:00","dateModified":"2024-08-27T21:05:16+00:00","description":"Expert cleaning of HVAC systems by Groupe Ricci. Comprehensive inspection, maintenance, and sanitation of all ventilation components for optimal air quality.","breadcrumb":{"@id":"https:\/\/groupericci.com\/cleaning-of-hvac-systems\/#breadcrumb"},"inLanguage":"fr-CA","potentialAction":[{"@type":"ReadAction","target":["https:\/\/groupericci.com\/cleaning-of-hvac-systems\/"]}]},{"@type":"ImageObject","inLanguage":"fr-CA","@id":"https:\/\/groupericci.com\/cleaning-of-hvac-systems\/#primaryimage","url":"https:\/\/groupericci.com\/wp-content\/uploads\/2020\/06\/Untitled-1.png","contentUrl":"https:\/\/groupericci.com\/wp-content\/uploads\/2020\/06\/Untitled-1.png"},{"@type":"BreadcrumbList","@id":"https:\/\/groupericci.com\/cleaning-of-hvac-systems\/#breadcrumb","itemListElement":[{"@type":"ListItem","position":1,"name":"Home","item":"https:\/\/groupericci.com\/"},{"@type":"ListItem","position":2,"name":"Cleaning of HVAC Systems"}]},{"@type":"WebSite","@id":"https:\/\/groupericci.com\/#website","url":"https:\/\/groupericci.com\/","name":"groupericci.com","description":"SP\u00c9CIALISTE EN SABLAGE au Jet, Nettoyage apr\u00e8s sinistre et plus.","publisher":{"@id":"https:\/\/groupericci.com\/#organization"},"alternateName":"Le Groupe Ricci","potentialAction":[{"@type":"SearchAction","target":{"@type":"EntryPoint","urlTemplate":"https:\/\/groupericci.com\/?s={search_term_string}"},"query-input":{"@type":"PropertyValueSpecification","valueRequired":true,"valueName":"search_term_string"}}],"inLanguage":"fr-CA"},{"@type":"Organization","@id":"https:\/\/groupericci.com\/#organization","name":"Le Groupe Ricci","alternateName":"Group Ricci","url":"https:\/\/groupericci.com\/","logo":{"@type":"ImageObject","inLanguage":"fr-CA","@id":"https:\/\/groupericci.com\/#\/schema\/logo\/image\/","url":"https:\/\/groupericci.com\/wp-content\/uploads\/2020\/06\/Untitled-1.png","contentUrl":"https:\/\/groupericci.com\/wp-content\/uploads\/2020\/06\/Untitled-1.png","width":563,"height":263,"caption":"Le Groupe Ricci"},"image":{"@id":"https:\/\/groupericci.com\/#\/schema\/logo\/image\/"},"sameAs":["https:\/\/www.facebook.com\/profile.php?id=100086190623934"]}]}},"_links":{"self":[{"href":"https:\/\/groupericci.com\/fr\/wp-json\/wp\/v2\/pages\/6434","targetHints":{"allow":["GET"]}}],"collection":[{"href":"https:\/\/groupericci.com\/fr\/wp-json\/wp\/v2\/pages"}],"about":[{"href":"https:\/\/groupericci.com\/fr\/wp-json\/wp\/v2\/types\/page"}],"author":[{"embeddable":true,"href":"https:\/\/groupericci.com\/fr\/wp-json\/wp\/v2\/users\/1"}],"replies":[{"embeddable":true,"href":"https:\/\/groupericci.com\/fr\/wp-json\/wp\/v2\/comments?post=6434"}],"version-history":[{"count":8,"href":"https:\/\/groupericci.com\/fr\/wp-json\/wp\/v2\/pages\/6434\/revisions"}],"predecessor-version":[{"id":6658,"href":"https:\/\/groupericci.com\/fr\/wp-json\/wp\/v2\/pages\/6434\/revisions\/6658"}],"wp:attachment":[{"href":"https:\/\/groupericci.com\/fr\/wp-json\/wp\/v2\/media?parent=6434"}],"curies":[{"name":"wp","href":"https:\/\/api.w.org\/{rel}","templated":true}]}}