{"id":8,"date":"2016-05-12T13:31:32","date_gmt":"2016-05-12T13:31:32","guid":{"rendered":"http:\/\/ld-wp.template-help.com\/wordpress_64485-sample\/?page_id=8"},"modified":"2025-04-30T16:23:41","modified_gmt":"2025-04-30T20:23:41","slug":"applications","status":"publish","type":"page","link":"https:\/\/groupericci.com\/fr\/applications\/","title":{"rendered":"Nos Applications"},"content":{"rendered":"<div data-elementor-type=\"wp-post\" data-elementor-id=\"8\" class=\"elementor elementor-8\" data-elementor-post-type=\"page\">\n\t\t\t\t\t\t<section class=\"elementor-section elementor-top-section elementor-element elementor-element-d1246b0 elementor-section-boxed elementor-section-height-default elementor-section-height-default\" data-id=\"d1246b0\" data-element_type=\"section\" data-e-type=\"section\">\n\t\t\t\t\t\t<div class=\"elementor-container elementor-column-gap-default\">\n\t\t\t\t\t<div class=\"elementor-column elementor-col-100 elementor-top-column elementor-element elementor-element-68ac7a8\" data-id=\"68ac7a8\" data-element_type=\"column\" data-e-type=\"column\">\n\t\t\t<div class=\"elementor-widget-wrap elementor-element-populated\">\n\t\t\t\t\t\t<div class=\"elementor-element elementor-element-2fab818 elementor-widget elementor-widget-heading\" data-id=\"2fab818\" data-element_type=\"widget\" data-e-type=\"widget\" data-widget_type=\"heading.default\">\n\t\t\t\t<div class=\"elementor-widget-container\">\n\t\t\t\t\t<h2 class=\"elementor-heading-title elementor-size-default\">Nos Applications<\/h2>\t\t\t\t<\/div>\n\t\t\t\t<\/div>\n\t\t\t\t\t<\/div>\n\t\t<\/div>\n\t\t\t\t\t<\/div>\n\t\t<\/section>\n\t\t\t\t<section class=\"elementor-section elementor-top-section elementor-element elementor-element-ee20016 elementor-section-boxed elementor-section-height-default elementor-section-height-default\" data-id=\"ee20016\" data-element_type=\"section\" data-e-type=\"section\">\n\t\t\t\t\t\t<div class=\"elementor-container elementor-column-gap-default\">\n\t\t\t\t\t<div class=\"elementor-column elementor-col-100 elementor-top-column elementor-element elementor-element-0dbbb37\" data-id=\"0dbbb37\" data-element_type=\"column\" data-e-type=\"column\">\n\t\t\t<div class=\"elementor-widget-wrap elementor-element-populated\">\n\t\t\t\t\t\t<div class=\"elementor-element elementor-element-1a024d9 elementor-widget elementor-widget-text-editor\" data-id=\"1a024d9\" data-element_type=\"widget\" data-e-type=\"widget\" data-widget_type=\"text-editor.default\">\n\t\t\t\t<div class=\"elementor-widget-container\">\n\t\t\t\t\t\t\t\t\t<p><\/p>\t\t\t\t\t\t\t\t<\/div>\n\t\t\t\t<\/div>\n\t\t\t\t\t<\/div>\n\t\t<\/div>\n\t\t\t\t\t<\/div>\n\t\t<\/section>\n\t\t\t\t<section class=\"elementor-section elementor-top-section elementor-element elementor-element-35c03ea elementor-section-boxed elementor-section-height-default elementor-section-height-default\" data-id=\"35c03ea\" data-element_type=\"section\" data-e-type=\"section\">\n\t\t\t\t\t\t<div class=\"elementor-container elementor-column-gap-default\">\n\t\t\t\t\t<div class=\"elementor-column elementor-col-100 elementor-top-column elementor-element elementor-element-b53b9e9\" data-id=\"b53b9e9\" data-element_type=\"column\" data-e-type=\"column\">\n\t\t\t<div class=\"elementor-widget-wrap elementor-element-populated\">\n\t\t\t\t\t\t<div class=\"elementor-element elementor-element-645f8a5 elementor-widget elementor-widget-text-editor\" data-id=\"645f8a5\" data-element_type=\"widget\" data-e-type=\"widget\" data-widget_type=\"text-editor.default\">\n\t\t\t\t<div class=\"elementor-widget-container\">\n\t\t\t\t\t\t\t\t\t<p><span style=\"letter-spacing: 0px;\">Les diverses applications du Groupe Ricci en mati\u00e8re de nettoyage industriel, de nettoyage d'entrep\u00f4ts et d'usines, d'\u00e9limination des graffitis, de nettoyage de fa\u00e7ades, de nettoyage de b\u00e2timents, de restauration apr\u00e8s incendie, de nettoyage de pav\u00e9s et de nettoyage de syst\u00e8mes CVC en font un partenaire de confiance pour un large \u00e9ventail de clients. Leur engagement en faveur de la qualit\u00e9 et leur souci du d\u00e9tail garantissent des r\u00e9sultats exceptionnels \u00e0 chaque fois.<\/span><\/p>\t\t\t\t\t\t\t\t<\/div>\n\t\t\t\t<\/div>\n\t\t\t\t\t<\/div>\n\t\t<\/div>\n\t\t\t\t\t<\/div>\n\t\t<\/section>\n\t\t\t\t<section class=\"elementor-section elementor-top-section elementor-element elementor-element-d848135 elementor-section-boxed elementor-section-height-default elementor-section-height-default\" data-id=\"d848135\" data-element_type=\"section\" data-e-type=\"section\">\n\t\t\t\t\t\t<div class=\"elementor-container elementor-column-gap-default\">\n\t\t\t\t\t<div class=\"elementor-column elementor-col-100 elementor-top-column elementor-element elementor-element-6659065\" data-id=\"6659065\" data-element_type=\"column\" data-e-type=\"column\">\n\t\t\t<div class=\"elementor-widget-wrap elementor-element-populated\">\n\t\t\t\t\t\t<div class=\"elementor-element elementor-element-2531cb3 elementor-widget elementor-widget-spacer\" data-id=\"2531cb3\" data-element_type=\"widget\" data-e-type=\"widget\" data-widget_type=\"spacer.default\">\n\t\t\t\t<div class=\"elementor-widget-container\">\n\t\t\t\t\t\t\t<div class=\"elementor-spacer\">\n\t\t\t<div class=\"elementor-spacer-inner\"><\/div>\n\t\t<\/div>\n\t\t\t\t\t\t<\/div>\n\t\t\t\t<\/div>\n\t\t\t\t\t<\/div>\n\t\t<\/div>\n\t\t\t\t\t<\/div>\n\t\t<\/section>\n\t\t\t\t<section class=\"elementor-section elementor-top-section elementor-element elementor-element-4nzqcmv invert elementor-section-boxed elementor-section-height-default elementor-section-height-default\" data-id=\"4nzqcmv\" data-element_type=\"section\" data-e-type=\"section\" data-settings=\"{&quot;background_background&quot;:&quot;classic&quot;}\">\n\t\t\t\t\t\t<div class=\"elementor-container elementor-column-gap-default\">\n\t\t\t\t\t<div class=\"elementor-column elementor-col-100 elementor-top-column elementor-element elementor-element-sv643yp\" data-id=\"sv643yp\" data-element_type=\"column\" data-e-type=\"column\">\n\t\t\t<div class=\"elementor-widget-wrap elementor-element-populated\">\n\t\t\t\t\t\t<div class=\"elementor-element elementor-element-3j5l4cs elementor-widget elementor-widget-heading\" data-id=\"3j5l4cs\" data-element_type=\"widget\" data-e-type=\"widget\" data-widget_type=\"heading.default\">\n\t\t\t\t<div class=\"elementor-widget-container\">\n\t\t\t\t\t<h2 class=\"elementor-heading-title elementor-size-default\">Obtenez une consultation Gratuite!<\/h2>\t\t\t\t<\/div>\n\t\t\t\t<\/div>\n\t\t\t\t<div class=\"elementor-element elementor-element-l28o9s1 elementor-widget elementor-widget-spacer\" data-id=\"l28o9s1\" data-element_type=\"widget\" data-e-type=\"widget\" data-widget_type=\"spacer.default\">\n\t\t\t\t<div class=\"elementor-widget-container\">\n\t\t\t\t\t\t\t<div class=\"elementor-spacer\">\n\t\t\t<div class=\"elementor-spacer-inner\"><\/div>\n\t\t<\/div>\n\t\t\t\t\t\t<\/div>\n\t\t\t\t<\/div>\n\t\t\t\t<div class=\"elementor-element elementor-element-3ls6unq elementor-align-center elementor-widget elementor-widget-button\" data-id=\"3ls6unq\" data-element_type=\"widget\" data-e-type=\"widget\" data-widget_type=\"button.default\">\n\t\t\t\t<div class=\"elementor-widget-container\">\n\t\t\t\t\t\t\t\t\t<div class=\"elementor-button-wrapper\">\n\t\t\t\t\t<a class=\"elementor-button elementor-button-link elementor-size-md\" href=\"https:\/\/groupericci.com\/fr\/contacts\/\">\n\t\t\t\t\t\t<span class=\"elementor-button-content-wrapper\">\n\t\t\t\t\t\t\t\t\t<span class=\"elementor-button-text\">Ici<\/span>\n\t\t\t\t\t<\/span>\n\t\t\t\t\t<\/a>\n\t\t\t\t<\/div>\n\t\t\t\t\t\t\t\t<\/div>\n\t\t\t\t<\/div>\n\t\t\t\t\t<\/div>\n\t\t<\/div>\n\t\t\t\t\t<\/div>\n\t\t<\/section>\n\t\t\t\t<\/div>","protected":false},"excerpt":{"rendered":"<p>Applications Group Ricci\u2019s diverse applications in industrial cleaning, warehouse and plant cleaning, graffiti removal, facade cleaning, building cleaning, post-fire restoration, paving stone cleaning, and HVAC system cleaning make them a trusted partner for a wide range of clients. Their commitment to quality and attention to detail ensures exceptional results every time. Get a FREE Consultaion &hellip;<\/p>","protected":false},"author":1,"featured_media":0,"parent":0,"menu_order":0,"comment_status":"closed","ping_status":"closed","template":"","meta":{"footnotes":""},"class_list":["post-8","page","type-page","status-publish","hentry","no-thumb"],"yoast_head":"<!-- This site is optimized with the Yoast SEO Premium plugin v20.6 (Yoast SEO v27.4) - https:\/\/yoast.com\/product\/yoast-seo-premium-wordpress\/ -->\n<title>Applications - Le Groupe Ricci<\/title>\n<meta name=\"description\" content=\"Discover Group Ricci&#039;s expert applications in industrial cleaning, graffiti removal, building cleaning, paving stone cleaning, and more. Quality you can trust.\" \/>\n<meta name=\"robots\" content=\"index, follow, max-snippet:-1, max-image-preview:large, max-video-preview:-1\" \/>\n<link rel=\"canonical\" href=\"https:\/\/groupericci.com\/fr\/applications\/\" \/>\n<meta property=\"og:locale\" content=\"fr_CA\" \/>\n<meta property=\"og:type\" content=\"article\" \/>\n<meta property=\"og:title\" content=\"Applications\" \/>\n<meta property=\"og:description\" content=\"Discover Group Ricci&#039;s expert applications in industrial cleaning, graffiti removal, building cleaning, paving stone cleaning, and more. Quality you can trust.\" \/>\n<meta property=\"og:url\" content=\"https:\/\/groupericci.com\/fr\/applications\/\" \/>\n<meta property=\"og:site_name\" content=\"Le Groupe Ricci\" \/>\n<meta property=\"article:publisher\" content=\"https:\/\/www.facebook.com\/profile.php?id=100086190623934\" \/>\n<meta property=\"article:modified_time\" content=\"2025-04-30T20:23:41+00:00\" \/>\n<meta property=\"og:image\" content=\"https:\/\/groupericci.com\/wp-content\/uploads\/2022\/06\/IMG_5528-1Acrop.jpg\" \/>\n\t<meta property=\"og:image:width\" content=\"2048\" \/>\n\t<meta property=\"og:image:height\" content=\"1027\" \/>\n\t<meta property=\"og:image:type\" content=\"image\/jpeg\" \/>\n<meta name=\"twitter:card\" content=\"summary_large_image\" \/>\n<meta name=\"twitter:label1\" content=\"Estimation du temps de lecture\" \/>\n\t<meta name=\"twitter:data1\" content=\"1 minute\" \/>\n<script type=\"application\/ld+json\" class=\"yoast-schema-graph\">{\"@context\":\"https:\\\/\\\/schema.org\",\"@graph\":[{\"@type\":\"WebPage\",\"@id\":\"https:\\\/\\\/groupericci.com\\\/applications\\\/\",\"url\":\"https:\\\/\\\/groupericci.com\\\/applications\\\/\",\"name\":\"Applications - Le Groupe Ricci\",\"isPartOf\":{\"@id\":\"https:\\\/\\\/groupericci.com\\\/#website\"},\"datePublished\":\"2016-05-12T13:31:32+00:00\",\"dateModified\":\"2025-04-30T20:23:41+00:00\",\"description\":\"Discover Group Ricci's expert applications in industrial cleaning, graffiti removal, building cleaning, paving stone cleaning, and more. Quality you can trust.\",\"breadcrumb\":{\"@id\":\"https:\\\/\\\/groupericci.com\\\/applications\\\/#breadcrumb\"},\"inLanguage\":\"fr-CA\",\"potentialAction\":[{\"@type\":\"ReadAction\",\"target\":[\"https:\\\/\\\/groupericci.com\\\/applications\\\/\"]}]},{\"@type\":\"BreadcrumbList\",\"@id\":\"https:\\\/\\\/groupericci.com\\\/applications\\\/#breadcrumb\",\"itemListElement\":[{\"@type\":\"ListItem\",\"position\":1,\"name\":\"Home\",\"item\":\"https:\\\/\\\/groupericci.com\\\/\"},{\"@type\":\"ListItem\",\"position\":2,\"name\":\"Applications\"}]},{\"@type\":\"WebSite\",\"@id\":\"https:\\\/\\\/groupericci.com\\\/#website\",\"url\":\"https:\\\/\\\/groupericci.com\\\/\",\"name\":\"groupericci.com\",\"description\":\"SP\u00c9CIALISTE EN SABLAGE au Jet, Nettoyage apr\u00e8s sinistre et plus.\",\"publisher\":{\"@id\":\"https:\\\/\\\/groupericci.com\\\/#organization\"},\"alternateName\":\"Le Groupe Ricci\",\"potentialAction\":[{\"@type\":\"SearchAction\",\"target\":{\"@type\":\"EntryPoint\",\"urlTemplate\":\"https:\\\/\\\/groupericci.com\\\/?s={search_term_string}\"},\"query-input\":{\"@type\":\"PropertyValueSpecification\",\"valueRequired\":true,\"valueName\":\"search_term_string\"}}],\"inLanguage\":\"fr-CA\"},{\"@type\":\"Organization\",\"@id\":\"https:\\\/\\\/groupericci.com\\\/#organization\",\"name\":\"Le Groupe Ricci\",\"alternateName\":\"Group Ricci\",\"url\":\"https:\\\/\\\/groupericci.com\\\/\",\"logo\":{\"@type\":\"ImageObject\",\"inLanguage\":\"fr-CA\",\"@id\":\"https:\\\/\\\/groupericci.com\\\/#\\\/schema\\\/logo\\\/image\\\/\",\"url\":\"https:\\\/\\\/groupericci.com\\\/wp-content\\\/uploads\\\/2020\\\/06\\\/Untitled-1.png\",\"contentUrl\":\"https:\\\/\\\/groupericci.com\\\/wp-content\\\/uploads\\\/2020\\\/06\\\/Untitled-1.png\",\"width\":563,\"height\":263,\"caption\":\"Le Groupe Ricci\"},\"image\":{\"@id\":\"https:\\\/\\\/groupericci.com\\\/#\\\/schema\\\/logo\\\/image\\\/\"},\"sameAs\":[\"https:\\\/\\\/www.facebook.com\\\/profile.php?id=100086190623934\"]}]}<\/script>\n<!-- \/ Yoast SEO Premium plugin. -->","yoast_head_json":{"title":"Applications - Le Groupe Ricci","description":"Discover Group Ricci's expert applications in industrial cleaning, graffiti removal, building cleaning, paving stone cleaning, and more. Quality you can trust.","robots":{"index":"index","follow":"follow","max-snippet":"max-snippet:-1","max-image-preview":"max-image-preview:large","max-video-preview":"max-video-preview:-1"},"canonical":"https:\/\/groupericci.com\/fr\/applications\/","og_locale":"fr_CA","og_type":"article","og_title":"Applications","og_description":"Discover Group Ricci's expert applications in industrial cleaning, graffiti removal, building cleaning, paving stone cleaning, and more. Quality you can trust.","og_url":"https:\/\/groupericci.com\/fr\/applications\/","og_site_name":"Le Groupe Ricci","article_publisher":"https:\/\/www.facebook.com\/profile.php?id=100086190623934","article_modified_time":"2025-04-30T20:23:41+00:00","og_image":[{"width":2048,"height":1027,"url":"https:\/\/groupericci.com\/wp-content\/uploads\/2022\/06\/IMG_5528-1Acrop.jpg","type":"image\/jpeg"}],"twitter_card":"summary_large_image","twitter_misc":{"Estimation du temps de lecture":"1 minute"},"schema":{"@context":"https:\/\/schema.org","@graph":[{"@type":"WebPage","@id":"https:\/\/groupericci.com\/applications\/","url":"https:\/\/groupericci.com\/applications\/","name":"Applications - Le Groupe Ricci","isPartOf":{"@id":"https:\/\/groupericci.com\/#website"},"datePublished":"2016-05-12T13:31:32+00:00","dateModified":"2025-04-30T20:23:41+00:00","description":"Discover Group Ricci's expert applications in industrial cleaning, graffiti removal, building cleaning, paving stone cleaning, and more. Quality you can trust.","breadcrumb":{"@id":"https:\/\/groupericci.com\/applications\/#breadcrumb"},"inLanguage":"fr-CA","potentialAction":[{"@type":"ReadAction","target":["https:\/\/groupericci.com\/applications\/"]}]},{"@type":"BreadcrumbList","@id":"https:\/\/groupericci.com\/applications\/#breadcrumb","itemListElement":[{"@type":"ListItem","position":1,"name":"Home","item":"https:\/\/groupericci.com\/"},{"@type":"ListItem","position":2,"name":"Applications"}]},{"@type":"WebSite","@id":"https:\/\/groupericci.com\/#website","url":"https:\/\/groupericci.com\/","name":"groupericci.com","description":"SP\u00c9CIALISTE EN SABLAGE au Jet, Nettoyage apr\u00e8s sinistre et plus.","publisher":{"@id":"https:\/\/groupericci.com\/#organization"},"alternateName":"Le Groupe Ricci","potentialAction":[{"@type":"SearchAction","target":{"@type":"EntryPoint","urlTemplate":"https:\/\/groupericci.com\/?s={search_term_string}"},"query-input":{"@type":"PropertyValueSpecification","valueRequired":true,"valueName":"search_term_string"}}],"inLanguage":"fr-CA"},{"@type":"Organization","@id":"https:\/\/groupericci.com\/#organization","name":"Le Groupe Ricci","alternateName":"Group Ricci","url":"https:\/\/groupericci.com\/","logo":{"@type":"ImageObject","inLanguage":"fr-CA","@id":"https:\/\/groupericci.com\/#\/schema\/logo\/image\/","url":"https:\/\/groupericci.com\/wp-content\/uploads\/2020\/06\/Untitled-1.png","contentUrl":"https:\/\/groupericci.com\/wp-content\/uploads\/2020\/06\/Untitled-1.png","width":563,"height":263,"caption":"Le Groupe Ricci"},"image":{"@id":"https:\/\/groupericci.com\/#\/schema\/logo\/image\/"},"sameAs":["https:\/\/www.facebook.com\/profile.php?id=100086190623934"]}]}},"_links":{"self":[{"href":"https:\/\/groupericci.com\/fr\/wp-json\/wp\/v2\/pages\/8","targetHints":{"allow":["GET"]}}],"collection":[{"href":"https:\/\/groupericci.com\/fr\/wp-json\/wp\/v2\/pages"}],"about":[{"href":"https:\/\/groupericci.com\/fr\/wp-json\/wp\/v2\/types\/page"}],"author":[{"embeddable":true,"href":"https:\/\/groupericci.com\/fr\/wp-json\/wp\/v2\/users\/1"}],"replies":[{"embeddable":true,"href":"https:\/\/groupericci.com\/fr\/wp-json\/wp\/v2\/comments?post=8"}],"version-history":[{"count":77,"href":"https:\/\/groupericci.com\/fr\/wp-json\/wp\/v2\/pages\/8\/revisions"}],"predecessor-version":[{"id":7518,"href":"https:\/\/groupericci.com\/fr\/wp-json\/wp\/v2\/pages\/8\/revisions\/7518"}],"wp:attachment":[{"href":"https:\/\/groupericci.com\/fr\/wp-json\/wp\/v2\/media?parent=8"}],"curies":[{"name":"wp","href":"https:\/\/api.w.org\/{rel}","templated":true}]}}